



{"id":9512,"date":"2019-03-15T05:20:31","date_gmt":"2019-03-15T03:20:31","guid":{"rendered":"https:\/\/www.whisker.lv\/?page_id=9512"},"modified":"2019-04-03T22:39:25","modified_gmt":"2019-04-03T20:39:25","slug":"iru-udensspaniels","status":"publish","type":"page","link":"https:\/\/www.whisker.lv\/ru\/sunu-skirnes\/iru-udensspaniels\/","title":{"rendered":"\u012aru \u016bdensspaniels"},"content":{"rendered":"[vc_row][vc_column][vc_text_separator title=&#8221;\u012aru \u016bdensspaniels &#8221; border_width=&#8221;8&#8243;][\/vc_column][\/vc_row][vc_row][vc_column width=&#8221;1\/2&#8243;][vc_single_image image=&#8221;9514&#8243; img_size=&#8221;full&#8221; alignment=&#8221;center&#8221; style=&#8221;vc_box_rounded&#8221;][\/vc_column][vc_column width=&#8221;1\/2&#8243;][vc_column_text]<span style=\"color: #000000;\"><strong>Dzimtene:<\/strong> \u012arija<\/span><\/p>\n<p><span style=\"color: #000000;\"><strong>Funkcija:<\/strong> \u016bdensputnu suns<\/span><\/p>\n<p><span style=\"color: #000000;\"><strong>Izcel\u0161an\u0101s:<\/strong> 1800. g.<\/span><\/p>\n<p><span style=\"color: #000000;\"><strong>Skausta augstums:<\/strong> 51-58 cm<\/span><\/p>\n<p><span style=\"color: #000000;\"><strong>Masa:<\/strong> 20-29 kg<\/span><\/p>\n<p><span style=\"color: #000000;\"><strong>Raksturs:<\/strong> atbild\u012bgs, rota\u013c\u012bgs<\/span><\/p>\n<p><span style=\"color: #000000;\"><strong>Dz\u012bves ilgums:<\/strong> 12-13 gadi<\/span>[\/vc_column_text][\/vc_column][\/vc_row][vc_row][vc_column][vc_column_text]<span style=\"color: #000000;\">\u012aru \u016bdensspaniels ir gar\u0101ks nek\u0101 p\u0101r\u0113jie spanieli. \u0160o \u0161\u0137irni var ne\u0161aub\u012bgi paz\u012bt p\u0113c su\u0146u sp\u0113c\u012bg\u0101s uzb\u016bves un ka\u017eoka \u012bpatn\u0113j\u0101s purpurs\u0101rt\u0101s nokr\u0101sas. Sprogaino, \u016bdensnecaurlaid\u012bgo ka\u017eoku veido dabiski taukoti mati. Desmit centimetri astes ir kl\u0101ti ar sprogainiem mati\u0146iem, p\u0101r\u0113j\u0101 da\u013ca ir kaila vai apmatota ar taisnu spalvu.<\/span><\/p>\n<p><span style=\"color: #000000;\"><strong>V\u0113sture.<\/strong> Iesp\u0113jams, ka \u012bru \u016bdensspanielu \u0161\u0137irne veidota, krustojot portug\u0101\u013cu \u016bdenssu\u0146us vai p\u016bde\u013cus ar viet\u0113jiem \u012bru spanieliem. To izveidojis D\u017eastins Makartnijs, ta\u010du vi\u0146\u0161 atteic\u0101s sniegt detaliz\u0113tu inform\u0101ciju par \u0161\u0137irnes izcel\u0161anos un visu m\u016b\u017eu glab\u0101ja liel\u0101 nosl\u0113pum\u0101.<\/span><\/p>\n<p><span style=\"color: #000000;\"><strong>Piez\u012bme.<\/strong> \u016adensspaniels ir pirmklas\u012bgs peld\u0113t\u0101js. Vi\u0146\u0161 ir pietiekami liels, lai no \u016bdenstilpju dzi\u013c\u0101kaj\u0101m viet\u0101m izvilktu putnu zoss lielum\u0101.<\/span>[\/vc_column_text][\/vc_column][\/vc_row]\n","protected":false},"excerpt":{"rendered":"<p>[vc_row][vc_column][vc_text_separator title=&#8221;\u012aru \u016bdensspaniels &#8221; border_width=&#8221;8&#8243;][\/vc_column][\/vc_row][vc_row][vc_column width=&#8221;1\/2&#8243;][vc_single_image image=&#8221;9514&#8243; img_size=&#8221;full&#8221; alignment=&#8221;center&#8221; style=&#8221;vc_box_rounded&#8221;][\/vc_column][vc_column width=&#8221;1\/2&#8243;][vc_column_text]Dzimtene: \u012arija Funkcija: \u016bdensputnu suns Izcel\u0161an\u0101s: 1800. g. Skausta augstums: 51-58 cm Masa: 20-29 kg Raksturs: atbild\u012bgs, rota\u013c\u012bgs Dz\u012bves ilgums: 12-13 gadi[\/vc_column_text][\/vc_column][\/vc_row][vc_row][vc_column][vc_column_text]\u012aru \u016bdensspaniels ir gar\u0101ks nek\u0101 p\u0101r\u0113jie spanieli. \u0160o \u0161\u0137irni var ne\u0161aub\u012bgi paz\u012bt p\u0113c su\u0146u sp\u0113c\u012bg\u0101s uzb\u016bves un ka\u017eoka \u012bpatn\u0113j\u0101s purpurs\u0101rt\u0101s nokr\u0101sas. Sprogaino, \u016bdensnecaurlaid\u012bgo ka\u017eoku [&hellip;]<\/p>\n","protected":false},"author":1,"featured_media":0,"parent":8016,"menu_order":0,"comment_status":"closed","ping_status":"closed","template":"page-fullwidth.php","meta":{"_acf_changed":false,"_glsr_average":0,"_glsr_ranking":0,"_glsr_reviews":0,"footnotes":""},"translation":{"provider":"WPGlobus","version":"2.12.2","language":"ru","enabled_languages":["lv","en","ru"],"languages":{"lv":{"title":true,"content":true,"excerpt":false},"en":{"title":false,"content":false,"excerpt":false},"ru":{"title":false,"content":false,"excerpt":false}}},"acf":[],"yoast_head":"<!-- This site is optimized with the Yoast SEO plugin v22.5 - https:\/\/yoast.com\/wordpress\/plugins\/seo\/ -->\n<title>\u012aru \u016bdensspaniels - Whisker.lv | Su\u0146u \u0161\u0137irnes - \u012aru \u016bdensspaniels<\/title>\n<meta name=\"robots\" content=\"index, follow, max-snippet:-1, max-image-preview:large, max-video-preview:-1\" \/>\n<link rel=\"canonical\" href=\"https:\/\/www.whisker.lv\/sunu-skirnes\/iru-udensspaniels\/\" \/>\n<meta property=\"og:locale\" content=\"ru_RU\" \/>\n<meta property=\"og:type\" content=\"article\" \/>\n<meta property=\"og:title\" content=\"\u012aru \u016bdensspaniels - Whisker\" \/>\n<meta property=\"og:url\" content=\"https:\/\/www.whisker.lv\/sunu-skirnes\/iru-udensspaniels\/\" \/>\n<meta property=\"og:site_name\" content=\"Whisker\" \/>\n<meta property=\"article:publisher\" content=\"https:\/\/www.facebook.com\/whisker.lv\/\" \/>\n<meta property=\"article:modified_time\" content=\"2019-04-03T20:39:25+00:00\" \/>\n<meta name=\"twitter:card\" content=\"summary_large_image\" \/>\n<meta name=\"twitter:label1\" content=\"Est. reading time\" \/>\n\t<meta name=\"twitter:data1\" content=\"1 minute\" \/>\n<script type=\"application\/ld+json\" class=\"yoast-schema-graph\">{\"@context\":\"https:\/\/schema.org\",\"@graph\":[{\"@type\":\"WebPage\",\"@id\":\"https:\/\/www.whisker.lv\/sunu-skirnes\/iru-udensspaniels\/\",\"url\":\"https:\/\/www.whisker.lv\/sunu-skirnes\/iru-udensspaniels\/\",\"name\":\"\u012aru \u016bdensspaniels - Whisker.lv | Su\u0146u \u0161\u0137irnes - \u012aru \u016bdensspaniels\",\"isPartOf\":{\"@id\":\"https:\/\/www.whisker.lv\/#website\"},\"datePublished\":\"2019-03-15T03:20:31+00:00\",\"dateModified\":\"2019-04-03T20:39:25+00:00\",\"description\":\"\u012aru \u016bdensspaniels ir gar\u0101ks nek\u0101 p\u0101r\u0113jie spanieli. \u0160o \u0161\u0137irni var ne\u0161aub\u012bgi paz\u012bt p\u0113c su\u0146u sp\u0113c\u012bg\u0101s uzb\u016bves un ka\u017eoka \u012bpatn\u0113j\u0101s purpurs\u0101rt\u0101s nokr\u0101sas.\",\"breadcrumb\":{\"@id\":\"https:\/\/www.whisker.lv\/sunu-skirnes\/iru-udensspaniels\/#breadcrumb\"},\"inLanguage\":\"ru-RU\",\"potentialAction\":[{\"@type\":\"ReadAction\",\"target\":[\"https:\/\/www.whisker.lv\/sunu-skirnes\/iru-udensspaniels\/\"]}]},{\"@type\":\"BreadcrumbList\",\"@id\":\"https:\/\/www.whisker.lv\/sunu-skirnes\/iru-udensspaniels\/#breadcrumb\",\"itemListElement\":[{\"@type\":\"ListItem\",\"position\":1,\"name\":\"S\u0101kums\",\"item\":\"https:\/\/www.whisker.lv\/\"},{\"@type\":\"ListItem\",\"position\":2,\"name\":\"Su\u0146u \u0161\u0137irnes\",\"item\":\"https:\/\/www.whisker.lv\/sunu-skirnes\/\"},{\"@type\":\"ListItem\",\"position\":3,\"name\":\"\u012aru \u016bdensspaniels\"}]},{\"@type\":\"WebSite\",\"@id\":\"https:\/\/www.whisker.lv\/#website\",\"url\":\"https:\/\/www.whisker.lv\/\",\"name\":\"Whisker\",\"description\":\"Tavs pal\u012bgs m\u0101jdzivnieku pieskat\u012b\u0161an\u0101\",\"potentialAction\":[{\"@type\":\"SearchAction\",\"target\":{\"@type\":\"EntryPoint\",\"urlTemplate\":\"https:\/\/www.whisker.lv\/?s={search_term_string}\"},\"query-input\":\"required name=search_term_string\"}],\"inLanguage\":\"ru-RU\"}]}<\/script>\n<!-- \/ Yoast SEO plugin. -->","yoast_head_json":{"title":"\u012aru \u016bdensspaniels - Whisker.lv | Su\u0146u \u0161\u0137irnes - \u012aru \u016bdensspaniels","robots":{"index":"index","follow":"follow","max-snippet":"max-snippet:-1","max-image-preview":"max-image-preview:large","max-video-preview":"max-video-preview:-1"},"canonical":"https:\/\/www.whisker.lv\/sunu-skirnes\/iru-udensspaniels\/","og_locale":"ru_RU","og_type":"article","og_title":"\u012aru \u016bdensspaniels - Whisker","og_url":"https:\/\/www.whisker.lv\/sunu-skirnes\/iru-udensspaniels\/","og_site_name":"Whisker","article_publisher":"https:\/\/www.facebook.com\/whisker.lv\/","article_modified_time":"2019-04-03T20:39:25+00:00","twitter_card":"summary_large_image","twitter_misc":{"Est. reading time":"1 minute"},"schema":{"@context":"https:\/\/schema.org","@graph":[{"@type":"WebPage","@id":"https:\/\/www.whisker.lv\/sunu-skirnes\/iru-udensspaniels\/","url":"https:\/\/www.whisker.lv\/sunu-skirnes\/iru-udensspaniels\/","name":"\u012aru \u016bdensspaniels - Whisker.lv | Su\u0146u \u0161\u0137irnes - \u012aru \u016bdensspaniels","isPartOf":{"@id":"https:\/\/www.whisker.lv\/#website"},"datePublished":"2019-03-15T03:20:31+00:00","dateModified":"2019-04-03T20:39:25+00:00","description":"\u012aru \u016bdensspaniels ir gar\u0101ks nek\u0101 p\u0101r\u0113jie spanieli. \u0160o \u0161\u0137irni var ne\u0161aub\u012bgi paz\u012bt p\u0113c su\u0146u sp\u0113c\u012bg\u0101s uzb\u016bves un ka\u017eoka \u012bpatn\u0113j\u0101s purpurs\u0101rt\u0101s nokr\u0101sas.","breadcrumb":{"@id":"https:\/\/www.whisker.lv\/sunu-skirnes\/iru-udensspaniels\/#breadcrumb"},"inLanguage":"ru-RU","potentialAction":[{"@type":"ReadAction","target":["https:\/\/www.whisker.lv\/sunu-skirnes\/iru-udensspaniels\/"]}]},{"@type":"BreadcrumbList","@id":"https:\/\/www.whisker.lv\/sunu-skirnes\/iru-udensspaniels\/#breadcrumb","itemListElement":[{"@type":"ListItem","position":1,"name":"S\u0101kums","item":"https:\/\/www.whisker.lv\/"},{"@type":"ListItem","position":2,"name":"Su\u0146u \u0161\u0137irnes","item":"https:\/\/www.whisker.lv\/sunu-skirnes\/"},{"@type":"ListItem","position":3,"name":"\u012aru \u016bdensspaniels"}]},{"@type":"WebSite","@id":"https:\/\/www.whisker.lv\/#website","url":"https:\/\/www.whisker.lv\/","name":"Whisker","description":"Tavs pal\u012bgs m\u0101jdzivnieku pieskat\u012b\u0161an\u0101","potentialAction":[{"@type":"SearchAction","target":{"@type":"EntryPoint","urlTemplate":"https:\/\/www.whisker.lv\/?s={search_term_string}"},"query-input":"required name=search_term_string"}],"inLanguage":"ru-RU"}]}},"_links":{"self":[{"href":"https:\/\/www.whisker.lv\/ru\/wp-json\/wp\/v2\/pages\/9512"}],"collection":[{"href":"https:\/\/www.whisker.lv\/ru\/wp-json\/wp\/v2\/pages"}],"about":[{"href":"https:\/\/www.whisker.lv\/ru\/wp-json\/wp\/v2\/types\/page"}],"author":[{"embeddable":true,"href":"https:\/\/www.whisker.lv\/ru\/wp-json\/wp\/v2\/users\/1"}],"replies":[{"embeddable":true,"href":"https:\/\/www.whisker.lv\/ru\/wp-json\/wp\/v2\/comments?post=9512"}],"version-history":[{"count":3,"href":"https:\/\/www.whisker.lv\/ru\/wp-json\/wp\/v2\/pages\/9512\/revisions"}],"predecessor-version":[{"id":9516,"href":"https:\/\/www.whisker.lv\/ru\/wp-json\/wp\/v2\/pages\/9512\/revisions\/9516"}],"up":[{"embeddable":true,"href":"https:\/\/www.whisker.lv\/ru\/wp-json\/wp\/v2\/pages\/8016"}],"wp:attachment":[{"href":"https:\/\/www.whisker.lv\/ru\/wp-json\/wp\/v2\/media?parent=9512"}],"curies":[{"name":"wp","href":"https:\/\/api.w.org\/{rel}","templated":true}]}}