



{"id":9542,"date":"2019-03-15T05:50:31","date_gmt":"2019-03-15T03:50:31","guid":{"rendered":"https:\/\/www.whisker.lv\/?page_id=9542"},"modified":"2019-04-03T22:35:16","modified_gmt":"2019-04-03T20:35:16","slug":"islandes-suns","status":"publish","type":"page","link":"https:\/\/www.whisker.lv\/ru\/sunu-skirnes\/islandes-suns\/","title":{"rendered":"Islandes suns"},"content":{"rendered":"[vc_row][vc_column][vc_text_separator title=&#8221;Islandes suns &#8221; border_width=&#8221;8&#8243;][\/vc_column][\/vc_row][vc_row][vc_column width=&#8221;1\/2&#8243;][vc_single_image image=&#8221;9545&#8243; img_size=&#8221;full&#8221; alignment=&#8221;center&#8221; style=&#8221;vc_box_rounded&#8221;][\/vc_column][vc_column width=&#8221;1\/2&#8243;][vc_column_text]<span style=\"color: #000000;\"><strong>Dzimtene:<\/strong> Islande<\/span><\/p>\n<p><span style=\"color: #000000;\"><strong>Funkcija:<\/strong> ganu suns, nartu vilc\u0113js<\/span><\/p>\n<p><span style=\"color: #000000;\"><strong>Izcel\u0161an\u0101s:<\/strong> ap\u00a01800. g.<\/span><\/p>\n<p><span style=\"color: #000000;\"><strong>Skausta augstums:<\/strong> 31-41 cm<\/span><\/p>\n<p><span style=\"color: #000000;\"><strong>Masa:<\/strong> 9-14 kg<\/span><\/p>\n<p><span style=\"color: #000000;\"><strong>Raksturs:<\/strong> dz\u012bvespriec\u012bgs, iztur\u012bgs<\/span><\/p>\n<p><span style=\"color: #000000;\"><strong>Dz\u012bves ilgums:<\/strong> 12-14 gadi<\/span>[\/vc_column_text][\/vc_column][\/vc_row][vc_row][vc_column][vc_column_text]<span style=\"color: #000000;\">Islandes sunim ir samer\u0101 gar\u0161 purns, biezs vid\u0113ja garuma ka\u017eoks un gredzen\u0101 saliekta aste, kura kl\u0101jas p\u0101ri mugurai. Lai ar\u012b \u0161is suns ir \u013coti l\u012bdz\u012bgs \u0161piciem, vi\u0146\u0161 ir ganu, nevis med\u012bbu suns.<\/span><\/p>\n<p><span style=\"color: #000000;\"><strong>V\u0113sture.<\/strong> Dom\u0101jams, ka \u0161os su\u0146us uz Islandi atvedu\u0161i norv\u0113\u0123i. Par to liecina \u0161\u0137irnes otrs nosaukums \u2013 fri\u0101rs. Iesp\u0113jams, vi\u0146us saista radniec\u012bgas saites ar Grenlandes su\u0146iem.<\/span><\/p>\n<p><span style=\"color: #000000;\"><strong>Piez\u012bme.<\/strong> Gadsimtu mij\u0101 \u0161\u0137irnei draud\u0113ja izzu\u0161ana, jo Island\u0113 plos\u012bj\u0101s su\u0146u m\u0113ra epid\u0113mija. \u0160\u0137irne tika gl\u0101bta, pateicoties islandie\u0161u un ang\u013cu su\u0146u audz\u0113t\u0101ju p\u016bli\u0146iem.<\/span><\/p>\n<p><span style=\"color: #000000;\"><strong>Citi nosaukumi.<\/strong> Islandes aitu suns, fri\u0101rs.<\/span>[\/vc_column_text][\/vc_column][\/vc_row]\n","protected":false},"excerpt":{"rendered":"<p>[vc_row][vc_column][vc_text_separator title=&#8221;Islandes suns &#8221; border_width=&#8221;8&#8243;][\/vc_column][\/vc_row][vc_row][vc_column width=&#8221;1\/2&#8243;][vc_single_image image=&#8221;9545&#8243; img_size=&#8221;full&#8221; alignment=&#8221;center&#8221; style=&#8221;vc_box_rounded&#8221;][\/vc_column][vc_column width=&#8221;1\/2&#8243;][vc_column_text]Dzimtene: Islande Funkcija: ganu suns, nartu vilc\u0113js Izcel\u0161an\u0101s: ap\u00a01800. g. Skausta augstums: 31-41 cm Masa: 9-14 kg Raksturs: dz\u012bvespriec\u012bgs, iztur\u012bgs Dz\u012bves ilgums: 12-14 gadi[\/vc_column_text][\/vc_column][\/vc_row][vc_row][vc_column][vc_column_text]Islandes sunim ir samer\u0101 gar\u0161 purns, biezs vid\u0113ja garuma ka\u017eoks un gredzen\u0101 saliekta aste, kura kl\u0101jas p\u0101ri mugurai. Lai ar\u012b \u0161is suns [&hellip;]<\/p>\n","protected":false},"author":1,"featured_media":0,"parent":8016,"menu_order":0,"comment_status":"closed","ping_status":"closed","template":"page-fullwidth.php","meta":{"_acf_changed":false,"_glsr_average":0,"_glsr_ranking":0,"_glsr_reviews":0,"footnotes":""},"translation":{"provider":"WPGlobus","version":"2.12.2","language":"ru","enabled_languages":["lv","en","ru"],"languages":{"lv":{"title":true,"content":true,"excerpt":false},"en":{"title":false,"content":false,"excerpt":false},"ru":{"title":false,"content":false,"excerpt":false}}},"acf":[],"yoast_head":"<!-- This site is optimized with the Yoast SEO plugin v22.5 - https:\/\/yoast.com\/wordpress\/plugins\/seo\/ -->\n<title>Islandes suns - Whisker.lv | Su\u0146u \u0161\u0137irnes - Islandes suns<\/title>\n<meta name=\"robots\" content=\"index, follow, max-snippet:-1, max-image-preview:large, max-video-preview:-1\" \/>\n<link rel=\"canonical\" href=\"https:\/\/www.whisker.lv\/sunu-skirnes\/islandes-suns\/\" \/>\n<meta property=\"og:locale\" content=\"ru_RU\" \/>\n<meta property=\"og:type\" content=\"article\" \/>\n<meta property=\"og:title\" content=\"Islandes suns - Whisker\" \/>\n<meta property=\"og:url\" content=\"https:\/\/www.whisker.lv\/sunu-skirnes\/islandes-suns\/\" \/>\n<meta property=\"og:site_name\" content=\"Whisker\" \/>\n<meta property=\"article:publisher\" content=\"https:\/\/www.facebook.com\/whisker.lv\/\" \/>\n<meta property=\"article:modified_time\" content=\"2019-04-03T20:35:16+00:00\" \/>\n<meta name=\"twitter:card\" content=\"summary_large_image\" \/>\n<meta name=\"twitter:label1\" content=\"Est. reading time\" \/>\n\t<meta name=\"twitter:data1\" content=\"1 minute\" \/>\n<script type=\"application\/ld+json\" class=\"yoast-schema-graph\">{\"@context\":\"https:\/\/schema.org\",\"@graph\":[{\"@type\":\"WebPage\",\"@id\":\"https:\/\/www.whisker.lv\/sunu-skirnes\/islandes-suns\/\",\"url\":\"https:\/\/www.whisker.lv\/sunu-skirnes\/islandes-suns\/\",\"name\":\"Islandes suns - Whisker.lv | Su\u0146u \u0161\u0137irnes - Islandes suns\",\"isPartOf\":{\"@id\":\"https:\/\/www.whisker.lv\/#website\"},\"datePublished\":\"2019-03-15T03:50:31+00:00\",\"dateModified\":\"2019-04-03T20:35:16+00:00\",\"description\":\"Islandes suns - samer\u0101 gar\u0161 purns, biezs vid\u0113ja garuma ka\u017eoks un gredzen\u0101 saliekta aste. \u0160is suns ir \u013coti l\u012bdz\u012bgs \u0161piciem, tom\u0113r ir ganu, nevis med\u012bbu suns.\",\"breadcrumb\":{\"@id\":\"https:\/\/www.whisker.lv\/sunu-skirnes\/islandes-suns\/#breadcrumb\"},\"inLanguage\":\"ru-RU\",\"potentialAction\":[{\"@type\":\"ReadAction\",\"target\":[\"https:\/\/www.whisker.lv\/sunu-skirnes\/islandes-suns\/\"]}]},{\"@type\":\"BreadcrumbList\",\"@id\":\"https:\/\/www.whisker.lv\/sunu-skirnes\/islandes-suns\/#breadcrumb\",\"itemListElement\":[{\"@type\":\"ListItem\",\"position\":1,\"name\":\"S\u0101kums\",\"item\":\"https:\/\/www.whisker.lv\/\"},{\"@type\":\"ListItem\",\"position\":2,\"name\":\"Su\u0146u \u0161\u0137irnes\",\"item\":\"https:\/\/www.whisker.lv\/sunu-skirnes\/\"},{\"@type\":\"ListItem\",\"position\":3,\"name\":\"Islandes suns\"}]},{\"@type\":\"WebSite\",\"@id\":\"https:\/\/www.whisker.lv\/#website\",\"url\":\"https:\/\/www.whisker.lv\/\",\"name\":\"Whisker\",\"description\":\"Tavs pal\u012bgs m\u0101jdzivnieku pieskat\u012b\u0161an\u0101\",\"potentialAction\":[{\"@type\":\"SearchAction\",\"target\":{\"@type\":\"EntryPoint\",\"urlTemplate\":\"https:\/\/www.whisker.lv\/?s={search_term_string}\"},\"query-input\":\"required name=search_term_string\"}],\"inLanguage\":\"ru-RU\"}]}<\/script>\n<!-- \/ Yoast SEO plugin. -->","yoast_head_json":{"title":"Islandes suns - Whisker.lv | Su\u0146u \u0161\u0137irnes - Islandes suns","robots":{"index":"index","follow":"follow","max-snippet":"max-snippet:-1","max-image-preview":"max-image-preview:large","max-video-preview":"max-video-preview:-1"},"canonical":"https:\/\/www.whisker.lv\/sunu-skirnes\/islandes-suns\/","og_locale":"ru_RU","og_type":"article","og_title":"Islandes suns - Whisker","og_url":"https:\/\/www.whisker.lv\/sunu-skirnes\/islandes-suns\/","og_site_name":"Whisker","article_publisher":"https:\/\/www.facebook.com\/whisker.lv\/","article_modified_time":"2019-04-03T20:35:16+00:00","twitter_card":"summary_large_image","twitter_misc":{"Est. reading time":"1 minute"},"schema":{"@context":"https:\/\/schema.org","@graph":[{"@type":"WebPage","@id":"https:\/\/www.whisker.lv\/sunu-skirnes\/islandes-suns\/","url":"https:\/\/www.whisker.lv\/sunu-skirnes\/islandes-suns\/","name":"Islandes suns - Whisker.lv | Su\u0146u \u0161\u0137irnes - Islandes suns","isPartOf":{"@id":"https:\/\/www.whisker.lv\/#website"},"datePublished":"2019-03-15T03:50:31+00:00","dateModified":"2019-04-03T20:35:16+00:00","description":"Islandes suns - samer\u0101 gar\u0161 purns, biezs vid\u0113ja garuma ka\u017eoks un gredzen\u0101 saliekta aste. \u0160is suns ir \u013coti l\u012bdz\u012bgs \u0161piciem, tom\u0113r ir ganu, nevis med\u012bbu suns.","breadcrumb":{"@id":"https:\/\/www.whisker.lv\/sunu-skirnes\/islandes-suns\/#breadcrumb"},"inLanguage":"ru-RU","potentialAction":[{"@type":"ReadAction","target":["https:\/\/www.whisker.lv\/sunu-skirnes\/islandes-suns\/"]}]},{"@type":"BreadcrumbList","@id":"https:\/\/www.whisker.lv\/sunu-skirnes\/islandes-suns\/#breadcrumb","itemListElement":[{"@type":"ListItem","position":1,"name":"S\u0101kums","item":"https:\/\/www.whisker.lv\/"},{"@type":"ListItem","position":2,"name":"Su\u0146u \u0161\u0137irnes","item":"https:\/\/www.whisker.lv\/sunu-skirnes\/"},{"@type":"ListItem","position":3,"name":"Islandes suns"}]},{"@type":"WebSite","@id":"https:\/\/www.whisker.lv\/#website","url":"https:\/\/www.whisker.lv\/","name":"Whisker","description":"Tavs pal\u012bgs m\u0101jdzivnieku pieskat\u012b\u0161an\u0101","potentialAction":[{"@type":"SearchAction","target":{"@type":"EntryPoint","urlTemplate":"https:\/\/www.whisker.lv\/?s={search_term_string}"},"query-input":"required name=search_term_string"}],"inLanguage":"ru-RU"}]}},"_links":{"self":[{"href":"https:\/\/www.whisker.lv\/ru\/wp-json\/wp\/v2\/pages\/9542"}],"collection":[{"href":"https:\/\/www.whisker.lv\/ru\/wp-json\/wp\/v2\/pages"}],"about":[{"href":"https:\/\/www.whisker.lv\/ru\/wp-json\/wp\/v2\/types\/page"}],"author":[{"embeddable":true,"href":"https:\/\/www.whisker.lv\/ru\/wp-json\/wp\/v2\/users\/1"}],"replies":[{"embeddable":true,"href":"https:\/\/www.whisker.lv\/ru\/wp-json\/wp\/v2\/comments?post=9542"}],"version-history":[{"count":3,"href":"https:\/\/www.whisker.lv\/ru\/wp-json\/wp\/v2\/pages\/9542\/revisions"}],"predecessor-version":[{"id":9547,"href":"https:\/\/www.whisker.lv\/ru\/wp-json\/wp\/v2\/pages\/9542\/revisions\/9547"}],"up":[{"embeddable":true,"href":"https:\/\/www.whisker.lv\/ru\/wp-json\/wp\/v2\/pages\/8016"}],"wp:attachment":[{"href":"https:\/\/www.whisker.lv\/ru\/wp-json\/wp\/v2\/media?parent=9542"}],"curies":[{"name":"wp","href":"https:\/\/api.w.org\/{rel}","templated":true}]}}