



{"id":9561,"date":"2019-03-15T07:45:27","date_gmt":"2019-03-15T05:45:27","guid":{"rendered":"https:\/\/www.whisker.lv\/?page_id=9561"},"modified":"2019-04-03T22:32:38","modified_gmt":"2019-04-03T20:32:38","slug":"grinendals","status":"publish","type":"page","link":"https:\/\/www.whisker.lv\/ru\/sunu-skirnes\/grinendals\/","title":{"rendered":"Gr\u012bnend\u0101ls"},"content":{"rendered":"[vc_row][vc_column][vc_text_separator title=&#8221;Gr\u012bnend\u0101ls&#8221; border_width=&#8221;8&#8243;][\/vc_column][\/vc_row][vc_row][vc_column width=&#8221;1\/2&#8243;][vc_single_image image=&#8221;9563&#8243; img_size=&#8221;full&#8221; alignment=&#8221;center&#8221; style=&#8221;vc_box_rounded&#8221;][\/vc_column][vc_column width=&#8221;1\/2&#8243;][vc_column_text]<span style=\"color: #000000;\"><strong>Dzimtene:<\/strong> Be\u013c\u0123ija<\/span><\/p>\n<p><span style=\"color: #000000;\"><strong>Funkcija:<\/strong> ganu suns<\/span><\/p>\n<p><span style=\"color: #000000;\"><strong>Izcel\u0161an\u0101s:<\/strong>\u00a0ap 1200. g.<\/span><\/p>\n<p><span style=\"color: #000000;\"><strong>Skausta augstums:<\/strong> 56-66 cm<\/span><\/p>\n<p><span style=\"color: #000000;\"><strong>Masa:<\/strong> 28 kg<\/span><\/p>\n<p><span style=\"color: #000000;\"><strong>Raksturs:<\/strong> pak\u013c\u0101v\u012bgs, uzticams<\/span><\/p>\n<p><span style=\"color: #000000;\"><strong>Dz\u012bves ilgums:<\/strong> 12-14 gadi<\/span>[\/vc_column_text][\/vc_column][\/vc_row][vc_row][vc_column][vc_column_text]<span style=\"color: #000000;\">No tr\u012bs p\u0101r\u0113jo \u0161\u0137ir\u0146u be\u013c\u0123u aitu su\u0146iem gr\u012bnend\u0101ls at\u0161\u0137iras ar melnu ka\u017eoka kr\u0101sojumu. Visas tr\u012bs \u0161\u0137irnes p\u0113c eksterjera ir \u013coti l\u012bdz\u012bgas cita citai, t\u0101s galvenok\u0101rt var at\u0161\u0137irt p\u0113c ka\u017eoka garuma un kr\u0101sojuma.<\/span><\/p>\n<p><span style=\"color: #000000;\"><strong>V\u0113sture.<\/strong> Gr\u012bnend\u0101lu t\u012br\u0161\u0137irnes izveido\u0161ana pavisam nejau\u0161i aizs\u0101k\u0101s 1890. gad\u0101. Be\u013c\u0123u kafejn\u012bcas \u012bpa\u0161nieks Nikolass Rose izaudz\u0113ja divus melnus kuc\u0113nus. \u0160ie kuc\u0113ni tad ar\u012b tiek uzskat\u012bti par \u0161\u0137irnes priek\u0161te\u010diem.<\/span><\/p>\n<p><span style=\"color: #000000;\"><strong>Piez\u012bme.<\/strong> ASV par Be\u013c\u0123ijas aitu \u0161\u0137irnes su\u0146iem uzskata tikai gr\u012bnend\u0101lus. Tervireni un malinie\u0161i tiek atz\u012bti k\u0101 atsevi\u0161\u0137as su\u0146u s\u0137irnes.<\/span>[\/vc_column_text][\/vc_column][\/vc_row]\n","protected":false},"excerpt":{"rendered":"<p>[vc_row][vc_column][vc_text_separator title=&#8221;Gr\u012bnend\u0101ls&#8221; border_width=&#8221;8&#8243;][\/vc_column][\/vc_row][vc_row][vc_column width=&#8221;1\/2&#8243;][vc_single_image image=&#8221;9563&#8243; img_size=&#8221;full&#8221; alignment=&#8221;center&#8221; style=&#8221;vc_box_rounded&#8221;][\/vc_column][vc_column width=&#8221;1\/2&#8243;][vc_column_text]Dzimtene: Be\u013c\u0123ija Funkcija: ganu suns Izcel\u0161an\u0101s:\u00a0ap 1200. g. Skausta augstums: 56-66 cm Masa: 28 kg Raksturs: pak\u013c\u0101v\u012bgs, uzticams Dz\u012bves ilgums: 12-14 gadi[\/vc_column_text][\/vc_column][\/vc_row][vc_row][vc_column][vc_column_text]No tr\u012bs p\u0101r\u0113jo \u0161\u0137ir\u0146u be\u013c\u0123u aitu su\u0146iem gr\u012bnend\u0101ls at\u0161\u0137iras ar melnu ka\u017eoka kr\u0101sojumu. Visas tr\u012bs \u0161\u0137irnes p\u0113c eksterjera ir \u013coti l\u012bdz\u012bgas cita citai, t\u0101s galvenok\u0101rt var [&hellip;]<\/p>\n","protected":false},"author":1,"featured_media":0,"parent":8016,"menu_order":0,"comment_status":"closed","ping_status":"closed","template":"page-fullwidth.php","meta":{"_acf_changed":false,"_glsr_average":0,"_glsr_ranking":0,"_glsr_reviews":0,"footnotes":""},"translation":{"provider":"WPGlobus","version":"2.12.2","language":"ru","enabled_languages":["lv","en","ru"],"languages":{"lv":{"title":true,"content":true,"excerpt":false},"en":{"title":false,"content":false,"excerpt":false},"ru":{"title":false,"content":false,"excerpt":false}}},"acf":[],"yoast_head":"<!-- This site is optimized with the Yoast SEO plugin v22.5 - https:\/\/yoast.com\/wordpress\/plugins\/seo\/ -->\n<title>Gr\u012bnend\u0101ls - Whisker.lv | Su\u0146u \u0161\u0137irnes - Gr\u012bnend\u0101ls<\/title>\n<meta name=\"robots\" content=\"index, follow, max-snippet:-1, max-image-preview:large, max-video-preview:-1\" \/>\n<link rel=\"canonical\" href=\"https:\/\/www.whisker.lv\/sunu-skirnes\/grinendals\/\" \/>\n<meta property=\"og:locale\" content=\"ru_RU\" \/>\n<meta property=\"og:type\" content=\"article\" \/>\n<meta property=\"og:title\" content=\"Gr\u012bnend\u0101ls - Whisker\" \/>\n<meta property=\"og:url\" content=\"https:\/\/www.whisker.lv\/sunu-skirnes\/grinendals\/\" \/>\n<meta property=\"og:site_name\" content=\"Whisker\" \/>\n<meta property=\"article:publisher\" content=\"https:\/\/www.facebook.com\/whisker.lv\/\" \/>\n<meta property=\"article:modified_time\" content=\"2019-04-03T20:32:38+00:00\" \/>\n<meta name=\"twitter:card\" content=\"summary_large_image\" \/>\n<meta name=\"twitter:label1\" content=\"Est. reading time\" \/>\n\t<meta name=\"twitter:data1\" content=\"1 minute\" \/>\n<script type=\"application\/ld+json\" class=\"yoast-schema-graph\">{\"@context\":\"https:\/\/schema.org\",\"@graph\":[{\"@type\":\"WebPage\",\"@id\":\"https:\/\/www.whisker.lv\/sunu-skirnes\/grinendals\/\",\"url\":\"https:\/\/www.whisker.lv\/sunu-skirnes\/grinendals\/\",\"name\":\"Gr\u012bnend\u0101ls - Whisker.lv | Su\u0146u \u0161\u0137irnes - Gr\u012bnend\u0101ls\",\"isPartOf\":{\"@id\":\"https:\/\/www.whisker.lv\/#website\"},\"datePublished\":\"2019-03-15T05:45:27+00:00\",\"dateModified\":\"2019-04-03T20:32:38+00:00\",\"description\":\"Gr\u012bnend\u0101ls noo tr\u012bs p\u0101r\u0113jo \u0161\u0137ir\u0146u be\u013c\u0123u aitu su\u0146iem at\u0161\u0137iras ar melnu ka\u017eoka kr\u0101sojumu. Visas tr\u012bs \u0161\u0137irnes p\u0113c eksterjera ir \u013coti l\u012bdz\u012bgas cita citai.\",\"breadcrumb\":{\"@id\":\"https:\/\/www.whisker.lv\/sunu-skirnes\/grinendals\/#breadcrumb\"},\"inLanguage\":\"ru-RU\",\"potentialAction\":[{\"@type\":\"ReadAction\",\"target\":[\"https:\/\/www.whisker.lv\/sunu-skirnes\/grinendals\/\"]}]},{\"@type\":\"BreadcrumbList\",\"@id\":\"https:\/\/www.whisker.lv\/sunu-skirnes\/grinendals\/#breadcrumb\",\"itemListElement\":[{\"@type\":\"ListItem\",\"position\":1,\"name\":\"S\u0101kums\",\"item\":\"https:\/\/www.whisker.lv\/\"},{\"@type\":\"ListItem\",\"position\":2,\"name\":\"Su\u0146u \u0161\u0137irnes\",\"item\":\"https:\/\/www.whisker.lv\/sunu-skirnes\/\"},{\"@type\":\"ListItem\",\"position\":3,\"name\":\"Gr\u012bnend\u0101ls\"}]},{\"@type\":\"WebSite\",\"@id\":\"https:\/\/www.whisker.lv\/#website\",\"url\":\"https:\/\/www.whisker.lv\/\",\"name\":\"Whisker\",\"description\":\"Tavs pal\u012bgs m\u0101jdzivnieku pieskat\u012b\u0161an\u0101\",\"potentialAction\":[{\"@type\":\"SearchAction\",\"target\":{\"@type\":\"EntryPoint\",\"urlTemplate\":\"https:\/\/www.whisker.lv\/?s={search_term_string}\"},\"query-input\":\"required name=search_term_string\"}],\"inLanguage\":\"ru-RU\"}]}<\/script>\n<!-- \/ Yoast SEO plugin. -->","yoast_head_json":{"title":"Gr\u012bnend\u0101ls - Whisker.lv | Su\u0146u \u0161\u0137irnes - Gr\u012bnend\u0101ls","robots":{"index":"index","follow":"follow","max-snippet":"max-snippet:-1","max-image-preview":"max-image-preview:large","max-video-preview":"max-video-preview:-1"},"canonical":"https:\/\/www.whisker.lv\/sunu-skirnes\/grinendals\/","og_locale":"ru_RU","og_type":"article","og_title":"Gr\u012bnend\u0101ls - Whisker","og_url":"https:\/\/www.whisker.lv\/sunu-skirnes\/grinendals\/","og_site_name":"Whisker","article_publisher":"https:\/\/www.facebook.com\/whisker.lv\/","article_modified_time":"2019-04-03T20:32:38+00:00","twitter_card":"summary_large_image","twitter_misc":{"Est. reading time":"1 minute"},"schema":{"@context":"https:\/\/schema.org","@graph":[{"@type":"WebPage","@id":"https:\/\/www.whisker.lv\/sunu-skirnes\/grinendals\/","url":"https:\/\/www.whisker.lv\/sunu-skirnes\/grinendals\/","name":"Gr\u012bnend\u0101ls - Whisker.lv | Su\u0146u \u0161\u0137irnes - Gr\u012bnend\u0101ls","isPartOf":{"@id":"https:\/\/www.whisker.lv\/#website"},"datePublished":"2019-03-15T05:45:27+00:00","dateModified":"2019-04-03T20:32:38+00:00","description":"Gr\u012bnend\u0101ls noo tr\u012bs p\u0101r\u0113jo \u0161\u0137ir\u0146u be\u013c\u0123u aitu su\u0146iem at\u0161\u0137iras ar melnu ka\u017eoka kr\u0101sojumu. Visas tr\u012bs \u0161\u0137irnes p\u0113c eksterjera ir \u013coti l\u012bdz\u012bgas cita citai.","breadcrumb":{"@id":"https:\/\/www.whisker.lv\/sunu-skirnes\/grinendals\/#breadcrumb"},"inLanguage":"ru-RU","potentialAction":[{"@type":"ReadAction","target":["https:\/\/www.whisker.lv\/sunu-skirnes\/grinendals\/"]}]},{"@type":"BreadcrumbList","@id":"https:\/\/www.whisker.lv\/sunu-skirnes\/grinendals\/#breadcrumb","itemListElement":[{"@type":"ListItem","position":1,"name":"S\u0101kums","item":"https:\/\/www.whisker.lv\/"},{"@type":"ListItem","position":2,"name":"Su\u0146u \u0161\u0137irnes","item":"https:\/\/www.whisker.lv\/sunu-skirnes\/"},{"@type":"ListItem","position":3,"name":"Gr\u012bnend\u0101ls"}]},{"@type":"WebSite","@id":"https:\/\/www.whisker.lv\/#website","url":"https:\/\/www.whisker.lv\/","name":"Whisker","description":"Tavs pal\u012bgs m\u0101jdzivnieku pieskat\u012b\u0161an\u0101","potentialAction":[{"@type":"SearchAction","target":{"@type":"EntryPoint","urlTemplate":"https:\/\/www.whisker.lv\/?s={search_term_string}"},"query-input":"required name=search_term_string"}],"inLanguage":"ru-RU"}]}},"_links":{"self":[{"href":"https:\/\/www.whisker.lv\/ru\/wp-json\/wp\/v2\/pages\/9561"}],"collection":[{"href":"https:\/\/www.whisker.lv\/ru\/wp-json\/wp\/v2\/pages"}],"about":[{"href":"https:\/\/www.whisker.lv\/ru\/wp-json\/wp\/v2\/types\/page"}],"author":[{"embeddable":true,"href":"https:\/\/www.whisker.lv\/ru\/wp-json\/wp\/v2\/users\/1"}],"replies":[{"embeddable":true,"href":"https:\/\/www.whisker.lv\/ru\/wp-json\/wp\/v2\/comments?post=9561"}],"version-history":[{"count":3,"href":"https:\/\/www.whisker.lv\/ru\/wp-json\/wp\/v2\/pages\/9561\/revisions"}],"predecessor-version":[{"id":9565,"href":"https:\/\/www.whisker.lv\/ru\/wp-json\/wp\/v2\/pages\/9561\/revisions\/9565"}],"up":[{"embeddable":true,"href":"https:\/\/www.whisker.lv\/ru\/wp-json\/wp\/v2\/pages\/8016"}],"wp:attachment":[{"href":"https:\/\/www.whisker.lv\/ru\/wp-json\/wp\/v2\/media?parent=9561"}],"curies":[{"name":"wp","href":"https:\/\/api.w.org\/{rel}","templated":true}]}}