



{"id":9566,"date":"2019-03-15T07:51:01","date_gmt":"2019-03-15T05:51:01","guid":{"rendered":"https:\/\/www.whisker.lv\/?page_id=9566"},"modified":"2019-04-03T22:32:05","modified_gmt":"2019-04-03T20:32:05","slug":"greihaunds","status":"publish","type":"page","link":"https:\/\/www.whisker.lv\/ru\/sunu-skirnes\/greihaunds\/","title":{"rendered":"Greihaunds"},"content":{"rendered":"[vc_row][vc_column][vc_text_separator title=&#8221;Greihaunds&#8221; border_width=&#8221;8&#8243;][\/vc_column][\/vc_row][vc_row][vc_column width=&#8221;1\/2&#8243;][vc_single_image image=&#8221;8133&#8243; img_size=&#8221;large&#8221; alignment=&#8221;center&#8221; style=&#8221;vc_box_rounded&#8221;][\/vc_column][vc_column width=&#8221;1\/2&#8243;][vc_column_text]<span style=\"color: #000000;\"><strong>Dzimtene:<\/strong> Lielbrit\u0101nija<\/span><\/p>\n<p><span style=\"color: #000000;\"><strong>Funkcija:<\/strong> za\u0137u suns<\/span><\/p>\n<p><span style=\"color: #000000;\"><strong>Izcel\u0161an\u0101s:<\/strong> 3000. p.m.\u0113.<\/span><\/p>\n<p><span style=\"color: #000000;\"><strong>Skausta augstums:<\/strong> 69-76 cm<\/span><\/p>\n<p><span style=\"color: #000000;\"><strong>Masa:<\/strong> 27-32 kg<\/span><\/p>\n<p><span style=\"color: #000000;\"><strong>Raksturs:<\/strong> dz\u012bvespriec\u012bgs, draudz\u012bgs<\/span><\/p>\n<p><span style=\"color: #000000;\"><strong>Dz\u012bves ilgum<\/strong>s: 10-13 gadi<\/span>[\/vc_column_text][\/vc_column][\/vc_row][vc_row][vc_column][vc_column_text]<span style=\"color: #000000;\">Greihaundi, kurus tur galvenok\u0101rt ekspon\u0113\u0161ani, augum\u0101 ir nedaudz liel\u0101ki un smag\u0101ki nek\u0101 tie, kuri piedal\u0101s su\u0146u skrie\u0161anas sac\u012bkst\u0113s. Greihaunds tiek uzskat\u012bts par vienu no lab\u0101kajiem sac\u012bk\u0161u su\u0146iem pasaul\u0113. Vi\u0146a \u0137ermenis ir musku\u013cots un atl\u0113tisks. Iekritu\u0161\u0101s kr\u016btis un lokan\u0101s plecu loc\u012btavas \u013cauj p\u0101rvietoties \u013coti lieliem so\u013ciem. M\u016bsdienu greihaundiem ka\u017eoka kr\u0101sojums m\u0113dz b\u016bt raibs un plankumains.<\/span><\/p>\n<p><span style=\"color: #000000;\"><strong>V\u0113sture.<\/strong> Viens no pier\u0101d\u012bjumiem tam, ka \u0161\u0137irne radusies Zieme\u013c\u0101frik\u0101 un Tuvajos Austrumos, ir seno \u0113\u0123iptie\u0161u pirms 5000 gadu veidotie kapu pieminek\u013ci, kuros att\u0113loti greihaundiem l\u012bdz\u012bgi su\u0146i. Senajos britu rokrakstos atrastie fakti liecina, ka Lielbrit\u0101nij\u0101 greihaundi par\u0101d\u012bju\u0161ies m\u016bsu \u0113ras 900. gad\u0101.<\/span><\/p>\n<p><span style=\"color: #000000;\"><strong>Piez\u012bme.<\/strong> \u0160iem maig\u0101s dabas su\u0146iem ir izteikts mednieka instinkts. Vi\u0146i bie\u017ei m\u0113dz vaj\u0101t ka\u0137us un augum\u0101 mazus sun\u012b\u0161us, t\u0101p\u0113c, pirms dodies pastaig\u0101, sunim j\u0101uzvelk uzpurnis.<\/span><\/p>\n[\/vc_column_text][\/vc_column][\/vc_row]\n","protected":false},"excerpt":{"rendered":"<p>[vc_row][vc_column][vc_text_separator title=&#8221;Greihaunds&#8221; border_width=&#8221;8&#8243;][\/vc_column][\/vc_row][vc_row][vc_column width=&#8221;1\/2&#8243;][vc_single_image image=&#8221;8133&#8243; img_size=&#8221;large&#8221; alignment=&#8221;center&#8221; style=&#8221;vc_box_rounded&#8221;][\/vc_column][vc_column width=&#8221;1\/2&#8243;][vc_column_text]Dzimtene: Lielbrit\u0101nija Funkcija: za\u0137u suns Izcel\u0161an\u0101s: 3000. p.m.\u0113. Skausta augstums: 69-76 cm Masa: 27-32 kg Raksturs: dz\u012bvespriec\u012bgs, draudz\u012bgs Dz\u012bves ilgums: 10-13 gadi[\/vc_column_text][\/vc_column][\/vc_row][vc_row][vc_column][vc_column_text]Greihaundi, kurus tur galvenok\u0101rt ekspon\u0113\u0161ani, augum\u0101 ir nedaudz liel\u0101ki un smag\u0101ki nek\u0101 tie, kuri piedal\u0101s su\u0146u skrie\u0161anas sac\u012bkst\u0113s. Greihaunds tiek uzskat\u012bts par vienu no lab\u0101kajiem sac\u012bk\u0161u [&hellip;]<\/p>\n","protected":false},"author":1,"featured_media":0,"parent":8016,"menu_order":0,"comment_status":"closed","ping_status":"closed","template":"page-fullwidth.php","meta":{"_acf_changed":false,"_glsr_average":0,"_glsr_ranking":0,"_glsr_reviews":0,"footnotes":""},"translation":{"provider":"WPGlobus","version":"2.12.2","language":"ru","enabled_languages":["lv","en","ru"],"languages":{"lv":{"title":true,"content":true,"excerpt":false},"en":{"title":false,"content":false,"excerpt":false},"ru":{"title":false,"content":false,"excerpt":false}}},"acf":[],"yoast_head":"<!-- This site is optimized with the Yoast SEO plugin v22.5 - https:\/\/yoast.com\/wordpress\/plugins\/seo\/ -->\n<title>Greihaunds - Whisker.lv | Su\u0146u \u0161\u0137irnes - Greihaunds<\/title>\n<meta name=\"robots\" content=\"index, follow, max-snippet:-1, max-image-preview:large, max-video-preview:-1\" \/>\n<link rel=\"canonical\" href=\"https:\/\/www.whisker.lv\/sunu-skirnes\/greihaunds\/\" \/>\n<meta property=\"og:locale\" content=\"ru_RU\" \/>\n<meta property=\"og:type\" content=\"article\" \/>\n<meta property=\"og:title\" content=\"Greihaunds - Whisker\" \/>\n<meta property=\"og:url\" content=\"https:\/\/www.whisker.lv\/sunu-skirnes\/greihaunds\/\" \/>\n<meta property=\"og:site_name\" content=\"Whisker\" \/>\n<meta property=\"article:publisher\" content=\"https:\/\/www.facebook.com\/whisker.lv\/\" \/>\n<meta property=\"article:modified_time\" content=\"2019-04-03T20:32:05+00:00\" \/>\n<meta name=\"twitter:card\" content=\"summary_large_image\" \/>\n<meta name=\"twitter:label1\" content=\"Est. reading time\" \/>\n\t<meta name=\"twitter:data1\" content=\"1 minute\" \/>\n<script type=\"application\/ld+json\" class=\"yoast-schema-graph\">{\"@context\":\"https:\/\/schema.org\",\"@graph\":[{\"@type\":\"WebPage\",\"@id\":\"https:\/\/www.whisker.lv\/sunu-skirnes\/greihaunds\/\",\"url\":\"https:\/\/www.whisker.lv\/sunu-skirnes\/greihaunds\/\",\"name\":\"Greihaunds - Whisker.lv | Su\u0146u \u0161\u0137irnes - Greihaunds\",\"isPartOf\":{\"@id\":\"https:\/\/www.whisker.lv\/#website\"},\"datePublished\":\"2019-03-15T05:51:01+00:00\",\"dateModified\":\"2019-04-03T20:32:05+00:00\",\"description\":\"Greihaunds tiek uzskat\u012bts par vienu no lab\u0101kajiem sac\u012bk\u0161u su\u0146iem pasaul\u0113. M\u016bsdienu greihaundiem ka\u017eoka kr\u0101sojums m\u0113dz b\u016bt raibs un plankumains.\",\"breadcrumb\":{\"@id\":\"https:\/\/www.whisker.lv\/sunu-skirnes\/greihaunds\/#breadcrumb\"},\"inLanguage\":\"ru-RU\",\"potentialAction\":[{\"@type\":\"ReadAction\",\"target\":[\"https:\/\/www.whisker.lv\/sunu-skirnes\/greihaunds\/\"]}]},{\"@type\":\"BreadcrumbList\",\"@id\":\"https:\/\/www.whisker.lv\/sunu-skirnes\/greihaunds\/#breadcrumb\",\"itemListElement\":[{\"@type\":\"ListItem\",\"position\":1,\"name\":\"S\u0101kums\",\"item\":\"https:\/\/www.whisker.lv\/\"},{\"@type\":\"ListItem\",\"position\":2,\"name\":\"Su\u0146u \u0161\u0137irnes\",\"item\":\"https:\/\/www.whisker.lv\/sunu-skirnes\/\"},{\"@type\":\"ListItem\",\"position\":3,\"name\":\"Greihaunds\"}]},{\"@type\":\"WebSite\",\"@id\":\"https:\/\/www.whisker.lv\/#website\",\"url\":\"https:\/\/www.whisker.lv\/\",\"name\":\"Whisker\",\"description\":\"Tavs pal\u012bgs m\u0101jdzivnieku pieskat\u012b\u0161an\u0101\",\"potentialAction\":[{\"@type\":\"SearchAction\",\"target\":{\"@type\":\"EntryPoint\",\"urlTemplate\":\"https:\/\/www.whisker.lv\/?s={search_term_string}\"},\"query-input\":\"required name=search_term_string\"}],\"inLanguage\":\"ru-RU\"}]}<\/script>\n<!-- \/ Yoast SEO plugin. -->","yoast_head_json":{"title":"Greihaunds - Whisker.lv | Su\u0146u \u0161\u0137irnes - Greihaunds","robots":{"index":"index","follow":"follow","max-snippet":"max-snippet:-1","max-image-preview":"max-image-preview:large","max-video-preview":"max-video-preview:-1"},"canonical":"https:\/\/www.whisker.lv\/sunu-skirnes\/greihaunds\/","og_locale":"ru_RU","og_type":"article","og_title":"Greihaunds - Whisker","og_url":"https:\/\/www.whisker.lv\/sunu-skirnes\/greihaunds\/","og_site_name":"Whisker","article_publisher":"https:\/\/www.facebook.com\/whisker.lv\/","article_modified_time":"2019-04-03T20:32:05+00:00","twitter_card":"summary_large_image","twitter_misc":{"Est. reading time":"1 minute"},"schema":{"@context":"https:\/\/schema.org","@graph":[{"@type":"WebPage","@id":"https:\/\/www.whisker.lv\/sunu-skirnes\/greihaunds\/","url":"https:\/\/www.whisker.lv\/sunu-skirnes\/greihaunds\/","name":"Greihaunds - Whisker.lv | Su\u0146u \u0161\u0137irnes - Greihaunds","isPartOf":{"@id":"https:\/\/www.whisker.lv\/#website"},"datePublished":"2019-03-15T05:51:01+00:00","dateModified":"2019-04-03T20:32:05+00:00","description":"Greihaunds tiek uzskat\u012bts par vienu no lab\u0101kajiem sac\u012bk\u0161u su\u0146iem pasaul\u0113. M\u016bsdienu greihaundiem ka\u017eoka kr\u0101sojums m\u0113dz b\u016bt raibs un plankumains.","breadcrumb":{"@id":"https:\/\/www.whisker.lv\/sunu-skirnes\/greihaunds\/#breadcrumb"},"inLanguage":"ru-RU","potentialAction":[{"@type":"ReadAction","target":["https:\/\/www.whisker.lv\/sunu-skirnes\/greihaunds\/"]}]},{"@type":"BreadcrumbList","@id":"https:\/\/www.whisker.lv\/sunu-skirnes\/greihaunds\/#breadcrumb","itemListElement":[{"@type":"ListItem","position":1,"name":"S\u0101kums","item":"https:\/\/www.whisker.lv\/"},{"@type":"ListItem","position":2,"name":"Su\u0146u \u0161\u0137irnes","item":"https:\/\/www.whisker.lv\/sunu-skirnes\/"},{"@type":"ListItem","position":3,"name":"Greihaunds"}]},{"@type":"WebSite","@id":"https:\/\/www.whisker.lv\/#website","url":"https:\/\/www.whisker.lv\/","name":"Whisker","description":"Tavs pal\u012bgs m\u0101jdzivnieku pieskat\u012b\u0161an\u0101","potentialAction":[{"@type":"SearchAction","target":{"@type":"EntryPoint","urlTemplate":"https:\/\/www.whisker.lv\/?s={search_term_string}"},"query-input":"required name=search_term_string"}],"inLanguage":"ru-RU"}]}},"_links":{"self":[{"href":"https:\/\/www.whisker.lv\/ru\/wp-json\/wp\/v2\/pages\/9566"}],"collection":[{"href":"https:\/\/www.whisker.lv\/ru\/wp-json\/wp\/v2\/pages"}],"about":[{"href":"https:\/\/www.whisker.lv\/ru\/wp-json\/wp\/v2\/types\/page"}],"author":[{"embeddable":true,"href":"https:\/\/www.whisker.lv\/ru\/wp-json\/wp\/v2\/users\/1"}],"replies":[{"embeddable":true,"href":"https:\/\/www.whisker.lv\/ru\/wp-json\/wp\/v2\/comments?post=9566"}],"version-history":[{"count":5,"href":"https:\/\/www.whisker.lv\/ru\/wp-json\/wp\/v2\/pages\/9566\/revisions"}],"predecessor-version":[{"id":11310,"href":"https:\/\/www.whisker.lv\/ru\/wp-json\/wp\/v2\/pages\/9566\/revisions\/11310"}],"up":[{"embeddable":true,"href":"https:\/\/www.whisker.lv\/ru\/wp-json\/wp\/v2\/pages\/8016"}],"wp:attachment":[{"href":"https:\/\/www.whisker.lv\/ru\/wp-json\/wp\/v2\/media?parent=9566"}],"curies":[{"name":"wp","href":"https:\/\/api.w.org\/{rel}","templated":true}]}}