



{"id":9586,"date":"2019-03-15T08:14:28","date_gmt":"2019-03-15T06:14:28","guid":{"rendered":"https:\/\/www.whisker.lv\/?page_id=9586"},"modified":"2020-01-06T05:00:15","modified_gmt":"2020-01-06T03:00:15","slug":"francu-buldogs","status":"publish","type":"page","link":"https:\/\/www.whisker.lv\/ru\/sunu-skirnes\/francu-buldogs\/","title":{"rendered":"Fran\u010du buldogs"},"content":{"rendered":"[vc_row][vc_column][vc_text_separator title=&#8221;Fran\u010du buldogs&#8221; border_width=&#8221;8&#8243;][\/vc_column][\/vc_row][vc_row][vc_column width=&#8221;1\/2&#8243;][vc_single_image image=&#8221;8126&#8243; img_size=&#8221;large&#8221; alignment=&#8221;center&#8221; style=&#8221;vc_box_rounded&#8221;][\/vc_column][vc_column width=&#8221;1\/2&#8243;][vc_column_text]<span style=\"color: #000000;\"><strong>Dzimtene:<\/strong> Francija<\/span><\/p>\n<p><span style=\"color: #000000;\"><strong>Funkcija:<\/strong> c\u012b\u0146as suns<\/span><\/p>\n<p><span style=\"color: #000000;\"><strong>Izcel\u0161an\u0101s:<\/strong> ap 1800. g.<\/span><\/p>\n<p><span style=\"color: #000000;\"><strong>Skausta augstums:<\/strong> 31 cm<\/span><\/p>\n<p><span style=\"color: #000000;\"><strong>Masa:<\/strong> 10-13 kg<\/span><\/p>\n<p><span style=\"color: #000000;\"><strong>Raksturs:<\/strong> sirsn\u012bgs, rota\u013c\u012bgs<\/span><\/p>\n<p><span style=\"color: #000000;\"><strong>Dz\u012bves ilgums:<\/strong> 10-12 gadi<\/span>[\/vc_column_text][\/vc_column][\/vc_row][vc_row][vc_column][vc_column_text]<span style=\"color: #000000;\">Mazajam, kompaktajam buldogam ir liela galva un \u012bpatn\u0113jas, ta saucam\u0101s \u201csiksp\u0101r\u0146u ausis\u201d. Selekcijas gait\u0101 \u0161\u012b \u0161\u0137irne nav tik \u013coti p\u0101rveidota k\u0101 t\u0101s tuv\u0101kie radinieki \u2013 ang\u013cu buldogi.<\/span><\/p>\n<p><span style=\"color: #000000;\">Kopum\u0101 fran\u010du buldogs ir jauks, sirsn\u012bgs suns, kas padara to par br\u012bni\u0161\u0137\u012bgu m\u0101jdz\u012bvnieku jebkura veida \u0123imen\u0113m. Su\u0146a mazais izm\u0113rs noz\u012bm\u0113, ka var labi iedz\u012bvoties neliel\u0101s dz\u012bvojam\u0101s plat\u012bb\u0101s. \u0160\u012b ir loj\u0101la un inteli\u0123enta \u0161\u0137irne, kas parasti labi satiek gan ar b\u0113rniem, gan citiem dz\u012bvniekiem.\u00a0<\/span><\/p>\n<p>Fran\u010du buldogs ir ar gludu ka\u017eoku, kam ir tendence m\u0113reni izkrist. \u0160\u012b \u0161\u0137irne pras\u012bs nedaudz vair\u0101k r\u016bpes k\u0101 vienk\u0101r\u0161a ikdienas kop\u0161ana, k\u0101, piem\u0113ram, b\u016bs nepiecie\u0161ama ikned\u0113\u013cas iz\u0137emm\u0113\u0161ana. Su\u0146iem pavasar\u012b un ruden\u012b izkr\u012bt pavilna, t\u0101d\u0113\u013c \u0161aj\u0101 laik\u0101 \u0137emm\u0113\u0161ana b\u016bs noteikti nepiecie\u0161ama.\u00a0Dzi\u013caj\u0101m \u0101das krok\u0101m, iesp\u0113jams, b\u016bs j\u0101piev\u0113r\u0161 liel\u0101ka uzman\u012bba, lai atbr\u012bvotos no net\u012brumiem.<\/p>\n<p>Apgriezt su\u0146a nagus nepiecie\u0161ams ik p\u0113c p\u0101ris ned\u0113\u013c\u0101m, lai tie neplais\u0101tu un nesadal\u012btos. Nepiecie\u0161ams t\u012br\u012bt zobus vismaz divas reizes ned\u0113\u013c\u0101. Tas var pal\u012bdz\u0113t nov\u0113rst smaganu infekcijas un zobu probl\u0113mas.<\/p>\n<p>Fran\u010du buldogi ir gudri un v\u0113las m\u0101c\u012bties. Vi\u0146i m\u0113dz b\u016bt \u0113diena motiv\u0113ti, kas var pal\u012bdz\u0113t apm\u0101c\u012bb\u0101. Pareiza apm\u0101c\u012bba ir \u013coti svar\u012bga un pal\u012bdz\u0113s stiprin\u0101t saikni starp saimnieku un suni. Tikpat svar\u012bga ir socializ\u0101cija, lai suns b\u016btu labi piel\u0101gots apk\u0101rt\u0113jai videi. Tikl\u012bdz suns ir gatavs, nepiecie\u0161ams kuc\u0113nu vest uz apm\u0101c\u012bb\u0101m un socializ\u0101cijas nodarb\u012bb\u0101m, lai m\u012blulis iem\u0101c\u012btos komandas un justos komfortabli apk\u0101rt citiem su\u0146iem un jauniem cilv\u0113kiem.<\/p>\n<p>Fran\u010du buldogi nav vok\u0101li, t\u0101d\u0113\u013c tas var padar\u012bt \u0161o \u0161\u0137irni par labu izv\u0113li dz\u012bvok\u013cu iem\u012btniekiem. \u0160\u012b \u0161\u0137irne prasa uzman\u012bbu un neciet\u012bs, ja katru dienu ilgsto\u0161i paliks viens.<\/p>\n<p><span style=\"color: #000000;\"><strong>V\u0113sture.<\/strong> \u0160\u0137irne izveidota 19. gadsimt\u0101. T\u0101s priek\u0161te\u010di ir augum\u0101 maz\u0101ki buldogi, kuri tika ievesti Francij\u0101 no cit\u0101m valst\u012bm.<\/span><\/p>\n<p><span style=\"color: #000000;\"><strong>Piez\u012bme.<\/strong> Buldogiem ar lielo svaru rodas elpo\u0161anas trauc\u0113jumi.<\/span>[\/vc_column_text][\/vc_column][\/vc_row]\n","protected":false},"excerpt":{"rendered":"<p>[vc_row][vc_column][vc_text_separator title=&#8221;Fran\u010du buldogs&#8221; border_width=&#8221;8&#8243;][\/vc_column][\/vc_row][vc_row][vc_column width=&#8221;1\/2&#8243;][vc_single_image image=&#8221;8126&#8243; img_size=&#8221;large&#8221; alignment=&#8221;center&#8221; style=&#8221;vc_box_rounded&#8221;][\/vc_column][vc_column width=&#8221;1\/2&#8243;][vc_column_text]Dzimtene: Francija Funkcija: c\u012b\u0146as suns Izcel\u0161an\u0101s: ap 1800. g. Skausta augstums: 31 cm Masa: 10-13 kg Raksturs: sirsn\u012bgs, rota\u013c\u012bgs Dz\u012bves ilgums: 10-12 gadi[\/vc_column_text][\/vc_column][\/vc_row][vc_row][vc_column][vc_column_text]Mazajam, kompaktajam buldogam ir liela galva un \u012bpatn\u0113jas, ta saucam\u0101s \u201csiksp\u0101r\u0146u ausis\u201d. Selekcijas gait\u0101 \u0161\u012b \u0161\u0137irne nav tik \u013coti p\u0101rveidota k\u0101 t\u0101s tuv\u0101kie radinieki [&hellip;]<\/p>\n","protected":false},"author":1,"featured_media":0,"parent":8016,"menu_order":0,"comment_status":"closed","ping_status":"closed","template":"page-fullwidth.php","meta":{"_acf_changed":false,"_glsr_average":0,"_glsr_ranking":0,"_glsr_reviews":0,"footnotes":""},"translation":{"provider":"WPGlobus","version":"2.12.2","language":"ru","enabled_languages":["lv","en","ru"],"languages":{"lv":{"title":true,"content":true,"excerpt":false},"en":{"title":false,"content":false,"excerpt":false},"ru":{"title":false,"content":false,"excerpt":false}}},"acf":[],"yoast_head":"<!-- This site is optimized with the Yoast SEO plugin v22.5 - https:\/\/yoast.com\/wordpress\/plugins\/seo\/ -->\n<title>Fran\u010du buldogs - Whisker.lv | Su\u0146u \u0161\u0137irnes - Fran\u010du buldogs<\/title>\n<meta name=\"robots\" content=\"index, follow, max-snippet:-1, max-image-preview:large, max-video-preview:-1\" \/>\n<link rel=\"canonical\" href=\"https:\/\/www.whisker.lv\/sunu-skirnes\/francu-buldogs\/\" \/>\n<meta property=\"og:locale\" content=\"ru_RU\" \/>\n<meta property=\"og:type\" content=\"article\" \/>\n<meta property=\"og:title\" content=\"Fran\u010du buldogs - Whisker\" \/>\n<meta property=\"og:url\" content=\"https:\/\/www.whisker.lv\/sunu-skirnes\/francu-buldogs\/\" \/>\n<meta property=\"og:site_name\" content=\"Whisker\" \/>\n<meta property=\"article:publisher\" content=\"https:\/\/www.facebook.com\/whisker.lv\/\" \/>\n<meta property=\"article:modified_time\" content=\"2020-01-06T03:00:15+00:00\" \/>\n<meta name=\"twitter:card\" content=\"summary_large_image\" \/>\n<meta name=\"twitter:label1\" content=\"Est. reading time\" \/>\n\t<meta name=\"twitter:data1\" content=\"2 minutes\" \/>\n<script type=\"application\/ld+json\" class=\"yoast-schema-graph\">{\"@context\":\"https:\/\/schema.org\",\"@graph\":[{\"@type\":\"WebPage\",\"@id\":\"https:\/\/www.whisker.lv\/sunu-skirnes\/francu-buldogs\/\",\"url\":\"https:\/\/www.whisker.lv\/sunu-skirnes\/francu-buldogs\/\",\"name\":\"Fran\u010du buldogs - Whisker.lv | Su\u0146u \u0161\u0137irnes - Fran\u010du buldogs\",\"isPartOf\":{\"@id\":\"https:\/\/www.whisker.lv\/#website\"},\"datePublished\":\"2019-03-15T06:14:28+00:00\",\"dateModified\":\"2020-01-06T03:00:15+00:00\",\"description\":\"Fran\u010du buldogs - mazajam buldogam ir liela galva un \u012bpatn\u0113jas, ta saucam\u0101s \u201csiksp\u0101r\u0146u ausis\u201d. Buldogiem ar lielo svaru rodas elpo\u0161anas trauc\u0113jumi.\",\"breadcrumb\":{\"@id\":\"https:\/\/www.whisker.lv\/sunu-skirnes\/francu-buldogs\/#breadcrumb\"},\"inLanguage\":\"ru-RU\",\"potentialAction\":[{\"@type\":\"ReadAction\",\"target\":[\"https:\/\/www.whisker.lv\/sunu-skirnes\/francu-buldogs\/\"]}]},{\"@type\":\"BreadcrumbList\",\"@id\":\"https:\/\/www.whisker.lv\/sunu-skirnes\/francu-buldogs\/#breadcrumb\",\"itemListElement\":[{\"@type\":\"ListItem\",\"position\":1,\"name\":\"S\u0101kums\",\"item\":\"https:\/\/www.whisker.lv\/\"},{\"@type\":\"ListItem\",\"position\":2,\"name\":\"Su\u0146u \u0161\u0137irnes\",\"item\":\"https:\/\/www.whisker.lv\/sunu-skirnes\/\"},{\"@type\":\"ListItem\",\"position\":3,\"name\":\"Fran\u010du buldogs\"}]},{\"@type\":\"WebSite\",\"@id\":\"https:\/\/www.whisker.lv\/#website\",\"url\":\"https:\/\/www.whisker.lv\/\",\"name\":\"Whisker\",\"description\":\"Tavs pal\u012bgs m\u0101jdzivnieku pieskat\u012b\u0161an\u0101\",\"potentialAction\":[{\"@type\":\"SearchAction\",\"target\":{\"@type\":\"EntryPoint\",\"urlTemplate\":\"https:\/\/www.whisker.lv\/?s={search_term_string}\"},\"query-input\":\"required name=search_term_string\"}],\"inLanguage\":\"ru-RU\"}]}<\/script>\n<!-- \/ Yoast SEO plugin. -->","yoast_head_json":{"title":"Fran\u010du buldogs - Whisker.lv | Su\u0146u \u0161\u0137irnes - Fran\u010du buldogs","robots":{"index":"index","follow":"follow","max-snippet":"max-snippet:-1","max-image-preview":"max-image-preview:large","max-video-preview":"max-video-preview:-1"},"canonical":"https:\/\/www.whisker.lv\/sunu-skirnes\/francu-buldogs\/","og_locale":"ru_RU","og_type":"article","og_title":"Fran\u010du buldogs - Whisker","og_url":"https:\/\/www.whisker.lv\/sunu-skirnes\/francu-buldogs\/","og_site_name":"Whisker","article_publisher":"https:\/\/www.facebook.com\/whisker.lv\/","article_modified_time":"2020-01-06T03:00:15+00:00","twitter_card":"summary_large_image","twitter_misc":{"Est. reading time":"2 minutes"},"schema":{"@context":"https:\/\/schema.org","@graph":[{"@type":"WebPage","@id":"https:\/\/www.whisker.lv\/sunu-skirnes\/francu-buldogs\/","url":"https:\/\/www.whisker.lv\/sunu-skirnes\/francu-buldogs\/","name":"Fran\u010du buldogs - Whisker.lv | Su\u0146u \u0161\u0137irnes - Fran\u010du buldogs","isPartOf":{"@id":"https:\/\/www.whisker.lv\/#website"},"datePublished":"2019-03-15T06:14:28+00:00","dateModified":"2020-01-06T03:00:15+00:00","description":"Fran\u010du buldogs - mazajam buldogam ir liela galva un \u012bpatn\u0113jas, ta saucam\u0101s \u201csiksp\u0101r\u0146u ausis\u201d. Buldogiem ar lielo svaru rodas elpo\u0161anas trauc\u0113jumi.","breadcrumb":{"@id":"https:\/\/www.whisker.lv\/sunu-skirnes\/francu-buldogs\/#breadcrumb"},"inLanguage":"ru-RU","potentialAction":[{"@type":"ReadAction","target":["https:\/\/www.whisker.lv\/sunu-skirnes\/francu-buldogs\/"]}]},{"@type":"BreadcrumbList","@id":"https:\/\/www.whisker.lv\/sunu-skirnes\/francu-buldogs\/#breadcrumb","itemListElement":[{"@type":"ListItem","position":1,"name":"S\u0101kums","item":"https:\/\/www.whisker.lv\/"},{"@type":"ListItem","position":2,"name":"Su\u0146u \u0161\u0137irnes","item":"https:\/\/www.whisker.lv\/sunu-skirnes\/"},{"@type":"ListItem","position":3,"name":"Fran\u010du buldogs"}]},{"@type":"WebSite","@id":"https:\/\/www.whisker.lv\/#website","url":"https:\/\/www.whisker.lv\/","name":"Whisker","description":"Tavs pal\u012bgs m\u0101jdzivnieku pieskat\u012b\u0161an\u0101","potentialAction":[{"@type":"SearchAction","target":{"@type":"EntryPoint","urlTemplate":"https:\/\/www.whisker.lv\/?s={search_term_string}"},"query-input":"required name=search_term_string"}],"inLanguage":"ru-RU"}]}},"_links":{"self":[{"href":"https:\/\/www.whisker.lv\/ru\/wp-json\/wp\/v2\/pages\/9586"}],"collection":[{"href":"https:\/\/www.whisker.lv\/ru\/wp-json\/wp\/v2\/pages"}],"about":[{"href":"https:\/\/www.whisker.lv\/ru\/wp-json\/wp\/v2\/types\/page"}],"author":[{"embeddable":true,"href":"https:\/\/www.whisker.lv\/ru\/wp-json\/wp\/v2\/users\/1"}],"replies":[{"embeddable":true,"href":"https:\/\/www.whisker.lv\/ru\/wp-json\/wp\/v2\/comments?post=9586"}],"version-history":[{"count":6,"href":"https:\/\/www.whisker.lv\/ru\/wp-json\/wp\/v2\/pages\/9586\/revisions"}],"predecessor-version":[{"id":22450,"href":"https:\/\/www.whisker.lv\/ru\/wp-json\/wp\/v2\/pages\/9586\/revisions\/22450"}],"up":[{"embeddable":true,"href":"https:\/\/www.whisker.lv\/ru\/wp-json\/wp\/v2\/pages\/8016"}],"wp:attachment":[{"href":"https:\/\/www.whisker.lv\/ru\/wp-json\/wp\/v2\/media?parent=9586"}],"curies":[{"name":"wp","href":"https:\/\/api.w.org\/{rel}","templated":true}]}}