



{"id":9591,"date":"2019-03-15T08:23:06","date_gmt":"2019-03-15T06:23:06","guid":{"rendered":"https:\/\/www.whisker.lv\/?page_id=9591"},"modified":"2019-04-03T22:28:31","modified_gmt":"2019-04-03T20:28:31","slug":"flandrijas-buvje","status":"publish","type":"page","link":"https:\/\/www.whisker.lv\/ru\/sunu-skirnes\/flandrijas-buvje\/","title":{"rendered":"Flandrijas buvj\u0113"},"content":{"rendered":"[vc_row][vc_column][vc_text_separator title=&#8221;Flandrijas buvj\u0113&#8221; border_width=&#8221;8&#8243;][\/vc_column][\/vc_row][vc_row][vc_column width=&#8221;1\/2&#8243;][vc_single_image image=&#8221;8124&#8243; img_size=&#8221;large&#8221; alignment=&#8221;center&#8221; style=&#8221;vc_box_rounded&#8221;][\/vc_column][vc_column width=&#8221;1\/2&#8243;][vc_column_text]<span style=\"color: #000000;\"><strong>Dzimtene:<\/strong> Be\u013c\u0123ija<\/span><\/p>\n<p><span style=\"color: #000000;\"><strong>Funkcija:<\/strong> ganu suns<\/span><\/p>\n<p><span style=\"color: #000000;\"><strong>Izcel\u0161an\u0101s:<\/strong> ap 1600. g.<\/span><\/p>\n<p><span style=\"color: #000000;\"><strong>Skausta augstums:<\/strong> 58-69 cm<\/span><\/p>\n<p><span style=\"color: #000000;\"><strong>Masa:<\/strong> 27-40 kg<\/span><\/p>\n<p><span style=\"color: #000000;\"><strong>Raksturs:<\/strong> mo\u017es, uzticams<\/span><\/p>\n<p><span style=\"color: #000000;\"><strong>Dz\u012bves ilgums:<\/strong> 10-12 gadi<\/span>[\/vc_column_text][\/vc_column][\/vc_row][vc_row][vc_column][vc_column_text]<span style=\"color: #000000;\">Flandrijas buvj\u0113 piem\u012bt izteikts savas teritorijas aizsarg\u0101\u0161anas instinkts. Vi\u0146a izskats ievie\u0161 respektu ikvienam sve\u0161iniekam. Lai gan buvj\u0113 izskat\u0101s draud\u012bgs, vi\u0146\u0161 sp\u0113j b\u016bt burv\u012bgs \u0123imenes m\u012blulis, vienm\u0113r modrs un iej\u016bt\u012bgs pret b\u0113rniem. Labsird\u012bgais milzis nav slinks un lieliski tiek gala ar visda\u017e\u0101d\u0101kajiem pien\u0101kumiem. \u0160im sunim ir \u013coti izteiksm\u012bgas uzacis, b\u0101rda un \u016bsas.<\/span><\/p>\n<p><span style=\"color: #000000;\"><strong>V\u0113sture.<\/strong> V\u0113l arvien nav noskaidrots, kas bijis \u0161\u0137irnes sencis. Savulaik \u2013 19. gadsimt\u0101 \u2013 Flandrijas l\u012bdzenumos mita vair\u0101ki buvj\u0113 \u0161\u0137irnes paveidi. L\u012bdz 1965. gadam, kad visi \u0161\u012bs \u0161\u0137irnes paveidi tika apvienoti, bija tikai saglab\u0101ju\u0161ies tr\u012bs no tiem. Be\u013c\u0123ij\u0101 buvj\u0113 audz\u0113t\u0101ju klubu nodibin\u0101ja 1922. gad\u0101.<\/span><\/p>\n<p><span style=\"color: #000000;\"><strong>Piez\u012bme.<\/strong> Buvj\u0113 ir slaveni savas drosmes un iztur\u012bbas d\u0113\u013c, jo Pirm\u0101 pasaules kara laik\u0101 vi\u0146i kalpoja k\u0101 zi\u0146ne\u0161i un mekl\u0113ja ievainotos karav\u012brus.<\/span>[\/vc_column_text][\/vc_column][\/vc_row]\n","protected":false},"excerpt":{"rendered":"<p>[vc_row][vc_column][vc_text_separator title=&#8221;Flandrijas buvj\u0113&#8221; border_width=&#8221;8&#8243;][\/vc_column][\/vc_row][vc_row][vc_column width=&#8221;1\/2&#8243;][vc_single_image image=&#8221;8124&#8243; img_size=&#8221;large&#8221; alignment=&#8221;center&#8221; style=&#8221;vc_box_rounded&#8221;][\/vc_column][vc_column width=&#8221;1\/2&#8243;][vc_column_text]Dzimtene: Be\u013c\u0123ija Funkcija: ganu suns Izcel\u0161an\u0101s: ap 1600. g. Skausta augstums: 58-69 cm Masa: 27-40 kg Raksturs: mo\u017es, uzticams Dz\u012bves ilgums: 10-12 gadi[\/vc_column_text][\/vc_column][\/vc_row][vc_row][vc_column][vc_column_text]Flandrijas buvj\u0113 piem\u012bt izteikts savas teritorijas aizsarg\u0101\u0161anas instinkts. Vi\u0146a izskats ievie\u0161 respektu ikvienam sve\u0161iniekam. Lai gan buvj\u0113 izskat\u0101s draud\u012bgs, vi\u0146\u0161 sp\u0113j b\u016bt burv\u012bgs \u0123imenes [&hellip;]<\/p>\n","protected":false},"author":1,"featured_media":0,"parent":8016,"menu_order":0,"comment_status":"closed","ping_status":"closed","template":"page-fullwidth.php","meta":{"_acf_changed":false,"_glsr_average":0,"_glsr_ranking":0,"_glsr_reviews":0,"footnotes":""},"translation":{"provider":"WPGlobus","version":"2.12.2","language":"ru","enabled_languages":["lv","en","ru"],"languages":{"lv":{"title":true,"content":true,"excerpt":false},"en":{"title":false,"content":false,"excerpt":false},"ru":{"title":false,"content":false,"excerpt":false}}},"acf":[],"yoast_head":"<!-- This site is optimized with the Yoast SEO plugin v22.5 - https:\/\/yoast.com\/wordpress\/plugins\/seo\/ -->\n<title>Flandrijas buvj\u0113 - Whisker.lv | Su\u0146u \u0161\u0137irnes - Flandrijas buvj\u0113<\/title>\n<meta name=\"robots\" content=\"index, follow, max-snippet:-1, max-image-preview:large, max-video-preview:-1\" \/>\n<link rel=\"canonical\" href=\"https:\/\/www.whisker.lv\/sunu-skirnes\/flandrijas-buvje\/\" \/>\n<meta property=\"og:locale\" content=\"ru_RU\" \/>\n<meta property=\"og:type\" content=\"article\" \/>\n<meta property=\"og:title\" content=\"Flandrijas buvj\u0113 - Whisker\" \/>\n<meta property=\"og:url\" content=\"https:\/\/www.whisker.lv\/sunu-skirnes\/flandrijas-buvje\/\" \/>\n<meta property=\"og:site_name\" content=\"Whisker\" \/>\n<meta property=\"article:publisher\" content=\"https:\/\/www.facebook.com\/whisker.lv\/\" \/>\n<meta property=\"article:modified_time\" content=\"2019-04-03T20:28:31+00:00\" \/>\n<meta name=\"twitter:card\" content=\"summary_large_image\" \/>\n<meta name=\"twitter:label1\" content=\"Est. reading time\" \/>\n\t<meta name=\"twitter:data1\" content=\"1 minute\" \/>\n<script type=\"application\/ld+json\" class=\"yoast-schema-graph\">{\"@context\":\"https:\/\/schema.org\",\"@graph\":[{\"@type\":\"WebPage\",\"@id\":\"https:\/\/www.whisker.lv\/sunu-skirnes\/flandrijas-buvje\/\",\"url\":\"https:\/\/www.whisker.lv\/sunu-skirnes\/flandrijas-buvje\/\",\"name\":\"Flandrijas buvj\u0113 - Whisker.lv | Su\u0146u \u0161\u0137irnes - Flandrijas buvj\u0113\",\"isPartOf\":{\"@id\":\"https:\/\/www.whisker.lv\/#website\"},\"datePublished\":\"2019-03-15T06:23:06+00:00\",\"dateModified\":\"2019-04-03T20:28:31+00:00\",\"description\":\"Flandrijas buvj\u0113 piem\u012bt izteikts savas teritorijas aizsarg\u0101\u0161anas instinkts. Vi\u0146a izskats ievie\u0161 respektu ikvienam sve\u0161iniekam.\",\"breadcrumb\":{\"@id\":\"https:\/\/www.whisker.lv\/sunu-skirnes\/flandrijas-buvje\/#breadcrumb\"},\"inLanguage\":\"ru-RU\",\"potentialAction\":[{\"@type\":\"ReadAction\",\"target\":[\"https:\/\/www.whisker.lv\/sunu-skirnes\/flandrijas-buvje\/\"]}]},{\"@type\":\"BreadcrumbList\",\"@id\":\"https:\/\/www.whisker.lv\/sunu-skirnes\/flandrijas-buvje\/#breadcrumb\",\"itemListElement\":[{\"@type\":\"ListItem\",\"position\":1,\"name\":\"S\u0101kums\",\"item\":\"https:\/\/www.whisker.lv\/\"},{\"@type\":\"ListItem\",\"position\":2,\"name\":\"Su\u0146u \u0161\u0137irnes\",\"item\":\"https:\/\/www.whisker.lv\/sunu-skirnes\/\"},{\"@type\":\"ListItem\",\"position\":3,\"name\":\"Flandrijas buvj\u0113\"}]},{\"@type\":\"WebSite\",\"@id\":\"https:\/\/www.whisker.lv\/#website\",\"url\":\"https:\/\/www.whisker.lv\/\",\"name\":\"Whisker\",\"description\":\"Tavs pal\u012bgs m\u0101jdzivnieku pieskat\u012b\u0161an\u0101\",\"potentialAction\":[{\"@type\":\"SearchAction\",\"target\":{\"@type\":\"EntryPoint\",\"urlTemplate\":\"https:\/\/www.whisker.lv\/?s={search_term_string}\"},\"query-input\":\"required name=search_term_string\"}],\"inLanguage\":\"ru-RU\"}]}<\/script>\n<!-- \/ Yoast SEO plugin. -->","yoast_head_json":{"title":"Flandrijas buvj\u0113 - Whisker.lv | Su\u0146u \u0161\u0137irnes - Flandrijas buvj\u0113","robots":{"index":"index","follow":"follow","max-snippet":"max-snippet:-1","max-image-preview":"max-image-preview:large","max-video-preview":"max-video-preview:-1"},"canonical":"https:\/\/www.whisker.lv\/sunu-skirnes\/flandrijas-buvje\/","og_locale":"ru_RU","og_type":"article","og_title":"Flandrijas buvj\u0113 - Whisker","og_url":"https:\/\/www.whisker.lv\/sunu-skirnes\/flandrijas-buvje\/","og_site_name":"Whisker","article_publisher":"https:\/\/www.facebook.com\/whisker.lv\/","article_modified_time":"2019-04-03T20:28:31+00:00","twitter_card":"summary_large_image","twitter_misc":{"Est. reading time":"1 minute"},"schema":{"@context":"https:\/\/schema.org","@graph":[{"@type":"WebPage","@id":"https:\/\/www.whisker.lv\/sunu-skirnes\/flandrijas-buvje\/","url":"https:\/\/www.whisker.lv\/sunu-skirnes\/flandrijas-buvje\/","name":"Flandrijas buvj\u0113 - Whisker.lv | Su\u0146u \u0161\u0137irnes - Flandrijas buvj\u0113","isPartOf":{"@id":"https:\/\/www.whisker.lv\/#website"},"datePublished":"2019-03-15T06:23:06+00:00","dateModified":"2019-04-03T20:28:31+00:00","description":"Flandrijas buvj\u0113 piem\u012bt izteikts savas teritorijas aizsarg\u0101\u0161anas instinkts. Vi\u0146a izskats ievie\u0161 respektu ikvienam sve\u0161iniekam.","breadcrumb":{"@id":"https:\/\/www.whisker.lv\/sunu-skirnes\/flandrijas-buvje\/#breadcrumb"},"inLanguage":"ru-RU","potentialAction":[{"@type":"ReadAction","target":["https:\/\/www.whisker.lv\/sunu-skirnes\/flandrijas-buvje\/"]}]},{"@type":"BreadcrumbList","@id":"https:\/\/www.whisker.lv\/sunu-skirnes\/flandrijas-buvje\/#breadcrumb","itemListElement":[{"@type":"ListItem","position":1,"name":"S\u0101kums","item":"https:\/\/www.whisker.lv\/"},{"@type":"ListItem","position":2,"name":"Su\u0146u \u0161\u0137irnes","item":"https:\/\/www.whisker.lv\/sunu-skirnes\/"},{"@type":"ListItem","position":3,"name":"Flandrijas buvj\u0113"}]},{"@type":"WebSite","@id":"https:\/\/www.whisker.lv\/#website","url":"https:\/\/www.whisker.lv\/","name":"Whisker","description":"Tavs pal\u012bgs m\u0101jdzivnieku pieskat\u012b\u0161an\u0101","potentialAction":[{"@type":"SearchAction","target":{"@type":"EntryPoint","urlTemplate":"https:\/\/www.whisker.lv\/?s={search_term_string}"},"query-input":"required name=search_term_string"}],"inLanguage":"ru-RU"}]}},"_links":{"self":[{"href":"https:\/\/www.whisker.lv\/ru\/wp-json\/wp\/v2\/pages\/9591"}],"collection":[{"href":"https:\/\/www.whisker.lv\/ru\/wp-json\/wp\/v2\/pages"}],"about":[{"href":"https:\/\/www.whisker.lv\/ru\/wp-json\/wp\/v2\/types\/page"}],"author":[{"embeddable":true,"href":"https:\/\/www.whisker.lv\/ru\/wp-json\/wp\/v2\/users\/1"}],"replies":[{"embeddable":true,"href":"https:\/\/www.whisker.lv\/ru\/wp-json\/wp\/v2\/comments?post=9591"}],"version-history":[{"count":5,"href":"https:\/\/www.whisker.lv\/ru\/wp-json\/wp\/v2\/pages\/9591\/revisions"}],"predecessor-version":[{"id":11307,"href":"https:\/\/www.whisker.lv\/ru\/wp-json\/wp\/v2\/pages\/9591\/revisions\/11307"}],"up":[{"embeddable":true,"href":"https:\/\/www.whisker.lv\/ru\/wp-json\/wp\/v2\/pages\/8016"}],"wp:attachment":[{"href":"https:\/\/www.whisker.lv\/ru\/wp-json\/wp\/v2\/media?parent=9591"}],"curies":[{"name":"wp","href":"https:\/\/api.w.org\/{rel}","templated":true}]}}