



{"id":9666,"date":"2019-03-15T20:34:49","date_gmt":"2019-03-15T18:34:49","guid":{"rendered":"https:\/\/www.whisker.lv\/?page_id=9666"},"modified":"2019-04-03T22:22:03","modified_gmt":"2019-04-03T20:22:03","slug":"dalmacietis","status":"publish","type":"page","link":"https:\/\/www.whisker.lv\/ru\/sunu-skirnes\/dalmacietis\/","title":{"rendered":"Dalm\u0101cietis"},"content":{"rendered":"[vc_row][vc_column][vc_text_separator title=&#8221;Dalm\u0101cietis&#8221; border_width=&#8221;8&#8243;][\/vc_column][\/vc_row][vc_row][vc_column width=&#8221;1\/2&#8243;][vc_single_image image=&#8221;9670&#8243; img_size=&#8221;full&#8221; alignment=&#8221;center&#8221; style=&#8221;vc_box_rounded&#8221;][\/vc_column][vc_column width=&#8221;1\/2&#8243;][vc_column_text]<span style=\"color: #000000;\"><strong>Dzimtene:<\/strong>\u00a0bijus\u012b Dienvidsl\u0101vija<\/span><\/p>\n<p><span style=\"color: #000000;\"><strong>Funkcija:<\/strong> vilc\u0113js<\/span><\/p>\n<p><span style=\"color: #000000;\"><strong>Izcel\u0161an\u0101s:<\/strong> ap 1400. g.<\/span><\/p>\n<p><span style=\"color: #000000;\"><strong>Skausta augstums:<\/strong> 56-61 cm<\/span><\/p>\n<p><span style=\"color: #000000;\"><strong>Masa:<\/strong> 23-25 kg<\/span><\/p>\n<p><span style=\"color: #000000;\"><strong>Raksturs:<\/strong> modrs, mier\u012bgs<\/span><\/p>\n<p><span style=\"color: #000000;\"><strong>Dz\u012bves ilgums:<\/strong> 11-13 gadi<\/span>[\/vc_column_text][\/vc_column][\/vc_row][vc_row][vc_column][vc_column_text]<span style=\"color: #000000;\">Dalm\u0101cie\u0161us viegli atpaz\u012bt p\u0113c raib\u0101 ka\u017eoka. T\u0101 pamatkr\u0101sa ir t\u012bra, spo\u017ei balta ar daudziem melniem vai tum\u0161i br\u016bniem plankumiem. Melnplankumotie dalm\u0101cie\u0161i ir daudz pla\u0161\u0101k izplat\u012bti nek\u0101 br\u016bnplankumotie. Plankumi nedr\u012bkst sapl\u016bst vienlaidus, tie ir apa\u013ci un skaidri iez\u012bm\u0113ti. Uz k\u0101j\u0101m tie ir maz\u0101ki nek\u0101 uz p\u0101r\u0113j\u0101 \u0137erme\u0146a. Piedzimstot kuc\u0113ni ir balti, plankumi par\u0101d\u0101s v\u0113l\u0101k.<\/span><\/p>\n<p><span style=\"color: #000000;\"><strong>V\u0113sture.<\/strong> \u0160\u0137irnes dzimtene ir Dalm\u0101cija (novads Horv\u0101tij\u0101), no t\u0101 c\u0113lies ar\u012b \u0161\u0137irnes nosaukums. 19. gadsimt\u0101 dalm\u0101cie\u0161i bija iecien\u012bti karie\u0161u pavado\u0146i, kuri skr\u0113ja karietei l\u012bdz\u0101s un atbaid\u012bja lielce\u013ca laup\u012bt\u0101jus.<\/span><\/p>\n<p><span style=\"color: #000000;\"><strong>Piez\u012bme.<\/strong> Pla\u0161i paz\u012bstami dalm\u0101cie\u0161i k\u013cuva p\u0113c Dodijas Smitas gr\u0101matas \u201c101 dalm\u0101cietis\u201d public\u0113\u0161anas; v\u0113l\u0101k Volta Disneja filmu studij\u0101 tapa \u0161\u012b darba ekraniz\u0113jums. Filmu par dalm\u0101cie\u0161iem sevi\u0161\u0137i iecien\u012bju\u0161i mazie skat\u012bt\u0101ji.<\/span>[\/vc_column_text][\/vc_column][\/vc_row]\n","protected":false},"excerpt":{"rendered":"<p>[vc_row][vc_column][vc_text_separator title=&#8221;Dalm\u0101cietis&#8221; border_width=&#8221;8&#8243;][\/vc_column][\/vc_row][vc_row][vc_column width=&#8221;1\/2&#8243;][vc_single_image image=&#8221;9670&#8243; img_size=&#8221;full&#8221; alignment=&#8221;center&#8221; style=&#8221;vc_box_rounded&#8221;][\/vc_column][vc_column width=&#8221;1\/2&#8243;][vc_column_text]Dzimtene:\u00a0bijus\u012b Dienvidsl\u0101vija Funkcija: vilc\u0113js Izcel\u0161an\u0101s: ap 1400. g. Skausta augstums: 56-61 cm Masa: 23-25 kg Raksturs: modrs, mier\u012bgs Dz\u012bves ilgums: 11-13 gadi[\/vc_column_text][\/vc_column][\/vc_row][vc_row][vc_column][vc_column_text]Dalm\u0101cie\u0161us viegli atpaz\u012bt p\u0113c raib\u0101 ka\u017eoka. T\u0101 pamatkr\u0101sa ir t\u012bra, spo\u017ei balta ar daudziem melniem vai tum\u0161i br\u016bniem plankumiem. Melnplankumotie dalm\u0101cie\u0161i ir daudz pla\u0161\u0101k izplat\u012bti nek\u0101 [&hellip;]<\/p>\n","protected":false},"author":1,"featured_media":0,"parent":8016,"menu_order":0,"comment_status":"closed","ping_status":"closed","template":"page-fullwidth.php","meta":{"_acf_changed":false,"_glsr_average":0,"_glsr_ranking":0,"_glsr_reviews":0,"footnotes":""},"translation":{"provider":"WPGlobus","version":"2.12.2","language":"ru","enabled_languages":["lv","en","ru"],"languages":{"lv":{"title":true,"content":true,"excerpt":false},"en":{"title":false,"content":false,"excerpt":false},"ru":{"title":false,"content":false,"excerpt":false}}},"acf":[],"yoast_head":"<!-- This site is optimized with the Yoast SEO plugin v22.5 - https:\/\/yoast.com\/wordpress\/plugins\/seo\/ -->\n<title>Dalm\u0101cietis - Whisker.lv | Su\u0146u \u0161\u0137irnes - Dalm\u0101cietis<\/title>\n<meta name=\"robots\" content=\"index, follow, max-snippet:-1, max-image-preview:large, max-video-preview:-1\" \/>\n<link rel=\"canonical\" href=\"https:\/\/www.whisker.lv\/sunu-skirnes\/dalmacietis\/\" \/>\n<meta property=\"og:locale\" content=\"ru_RU\" \/>\n<meta property=\"og:type\" content=\"article\" \/>\n<meta property=\"og:title\" content=\"Dalm\u0101cietis - Whisker\" \/>\n<meta property=\"og:url\" content=\"https:\/\/www.whisker.lv\/sunu-skirnes\/dalmacietis\/\" \/>\n<meta property=\"og:site_name\" content=\"Whisker\" \/>\n<meta property=\"article:publisher\" content=\"https:\/\/www.facebook.com\/whisker.lv\/\" \/>\n<meta property=\"article:modified_time\" content=\"2019-04-03T20:22:03+00:00\" \/>\n<meta name=\"twitter:card\" content=\"summary_large_image\" \/>\n<meta name=\"twitter:label1\" content=\"Est. reading time\" \/>\n\t<meta name=\"twitter:data1\" content=\"1 minute\" \/>\n<script type=\"application\/ld+json\" class=\"yoast-schema-graph\">{\"@context\":\"https:\/\/schema.org\",\"@graph\":[{\"@type\":\"WebPage\",\"@id\":\"https:\/\/www.whisker.lv\/sunu-skirnes\/dalmacietis\/\",\"url\":\"https:\/\/www.whisker.lv\/sunu-skirnes\/dalmacietis\/\",\"name\":\"Dalm\u0101cietis - Whisker.lv | Su\u0146u \u0161\u0137irnes - Dalm\u0101cietis\",\"isPartOf\":{\"@id\":\"https:\/\/www.whisker.lv\/#website\"},\"datePublished\":\"2019-03-15T18:34:49+00:00\",\"dateModified\":\"2019-04-03T20:22:03+00:00\",\"description\":\"Dalm\u0101cietis - viegli atpaz\u012bt p\u0113c raib\u0101 ka\u017eoka. T\u0101 pamatkr\u0101sa ir t\u012bra, spo\u017ei balta ar daudziem melniem vai tum\u0161i br\u016bniem plankumiem.\",\"breadcrumb\":{\"@id\":\"https:\/\/www.whisker.lv\/sunu-skirnes\/dalmacietis\/#breadcrumb\"},\"inLanguage\":\"ru-RU\",\"potentialAction\":[{\"@type\":\"ReadAction\",\"target\":[\"https:\/\/www.whisker.lv\/sunu-skirnes\/dalmacietis\/\"]}]},{\"@type\":\"BreadcrumbList\",\"@id\":\"https:\/\/www.whisker.lv\/sunu-skirnes\/dalmacietis\/#breadcrumb\",\"itemListElement\":[{\"@type\":\"ListItem\",\"position\":1,\"name\":\"S\u0101kums\",\"item\":\"https:\/\/www.whisker.lv\/\"},{\"@type\":\"ListItem\",\"position\":2,\"name\":\"Su\u0146u \u0161\u0137irnes\",\"item\":\"https:\/\/www.whisker.lv\/sunu-skirnes\/\"},{\"@type\":\"ListItem\",\"position\":3,\"name\":\"Dalm\u0101cietis\"}]},{\"@type\":\"WebSite\",\"@id\":\"https:\/\/www.whisker.lv\/#website\",\"url\":\"https:\/\/www.whisker.lv\/\",\"name\":\"Whisker\",\"description\":\"Tavs pal\u012bgs m\u0101jdzivnieku pieskat\u012b\u0161an\u0101\",\"potentialAction\":[{\"@type\":\"SearchAction\",\"target\":{\"@type\":\"EntryPoint\",\"urlTemplate\":\"https:\/\/www.whisker.lv\/?s={search_term_string}\"},\"query-input\":\"required name=search_term_string\"}],\"inLanguage\":\"ru-RU\"}]}<\/script>\n<!-- \/ Yoast SEO plugin. -->","yoast_head_json":{"title":"Dalm\u0101cietis - Whisker.lv | Su\u0146u \u0161\u0137irnes - Dalm\u0101cietis","robots":{"index":"index","follow":"follow","max-snippet":"max-snippet:-1","max-image-preview":"max-image-preview:large","max-video-preview":"max-video-preview:-1"},"canonical":"https:\/\/www.whisker.lv\/sunu-skirnes\/dalmacietis\/","og_locale":"ru_RU","og_type":"article","og_title":"Dalm\u0101cietis - Whisker","og_url":"https:\/\/www.whisker.lv\/sunu-skirnes\/dalmacietis\/","og_site_name":"Whisker","article_publisher":"https:\/\/www.facebook.com\/whisker.lv\/","article_modified_time":"2019-04-03T20:22:03+00:00","twitter_card":"summary_large_image","twitter_misc":{"Est. reading time":"1 minute"},"schema":{"@context":"https:\/\/schema.org","@graph":[{"@type":"WebPage","@id":"https:\/\/www.whisker.lv\/sunu-skirnes\/dalmacietis\/","url":"https:\/\/www.whisker.lv\/sunu-skirnes\/dalmacietis\/","name":"Dalm\u0101cietis - Whisker.lv | Su\u0146u \u0161\u0137irnes - Dalm\u0101cietis","isPartOf":{"@id":"https:\/\/www.whisker.lv\/#website"},"datePublished":"2019-03-15T18:34:49+00:00","dateModified":"2019-04-03T20:22:03+00:00","description":"Dalm\u0101cietis - viegli atpaz\u012bt p\u0113c raib\u0101 ka\u017eoka. T\u0101 pamatkr\u0101sa ir t\u012bra, spo\u017ei balta ar daudziem melniem vai tum\u0161i br\u016bniem plankumiem.","breadcrumb":{"@id":"https:\/\/www.whisker.lv\/sunu-skirnes\/dalmacietis\/#breadcrumb"},"inLanguage":"ru-RU","potentialAction":[{"@type":"ReadAction","target":["https:\/\/www.whisker.lv\/sunu-skirnes\/dalmacietis\/"]}]},{"@type":"BreadcrumbList","@id":"https:\/\/www.whisker.lv\/sunu-skirnes\/dalmacietis\/#breadcrumb","itemListElement":[{"@type":"ListItem","position":1,"name":"S\u0101kums","item":"https:\/\/www.whisker.lv\/"},{"@type":"ListItem","position":2,"name":"Su\u0146u \u0161\u0137irnes","item":"https:\/\/www.whisker.lv\/sunu-skirnes\/"},{"@type":"ListItem","position":3,"name":"Dalm\u0101cietis"}]},{"@type":"WebSite","@id":"https:\/\/www.whisker.lv\/#website","url":"https:\/\/www.whisker.lv\/","name":"Whisker","description":"Tavs pal\u012bgs m\u0101jdzivnieku pieskat\u012b\u0161an\u0101","potentialAction":[{"@type":"SearchAction","target":{"@type":"EntryPoint","urlTemplate":"https:\/\/www.whisker.lv\/?s={search_term_string}"},"query-input":"required name=search_term_string"}],"inLanguage":"ru-RU"}]}},"_links":{"self":[{"href":"https:\/\/www.whisker.lv\/ru\/wp-json\/wp\/v2\/pages\/9666"}],"collection":[{"href":"https:\/\/www.whisker.lv\/ru\/wp-json\/wp\/v2\/pages"}],"about":[{"href":"https:\/\/www.whisker.lv\/ru\/wp-json\/wp\/v2\/types\/page"}],"author":[{"embeddable":true,"href":"https:\/\/www.whisker.lv\/ru\/wp-json\/wp\/v2\/users\/1"}],"replies":[{"embeddable":true,"href":"https:\/\/www.whisker.lv\/ru\/wp-json\/wp\/v2\/comments?post=9666"}],"version-history":[{"count":5,"href":"https:\/\/www.whisker.lv\/ru\/wp-json\/wp\/v2\/pages\/9666\/revisions"}],"predecessor-version":[{"id":11165,"href":"https:\/\/www.whisker.lv\/ru\/wp-json\/wp\/v2\/pages\/9666\/revisions\/11165"}],"up":[{"embeddable":true,"href":"https:\/\/www.whisker.lv\/ru\/wp-json\/wp\/v2\/pages\/8016"}],"wp:attachment":[{"href":"https:\/\/www.whisker.lv\/ru\/wp-json\/wp\/v2\/media?parent=9666"}],"curies":[{"name":"wp","href":"https:\/\/api.w.org\/{rel}","templated":true}]}}