



{"id":968,"date":"2015-01-28T16:17:32","date_gmt":"2015-01-28T16:17:32","guid":{"rendered":"http:\/\/petsitterwp.dan-fisher.com\/?page_id=968"},"modified":"2025-06-03T12:24:08","modified_gmt":"2025-06-03T10:24:08","slug":"atjaunot-paroli","status":"publish","type":"page","link":"https:\/\/www.whisker.lv\/ru\/atjaunot-paroli\/","title":{"rendered":"aizmirsi paroli?"},"content":{"rendered":"<div id=\"user-registration\" class=\"user-registration\">\n\n<div class=\"user-registration-message-container\">\n\t<\/div>\n\n<div class=\"ur-frontend-form login \" id=\"ur-frontend-form\">\n\t<form method=\"post\" class=\"user-registration-ResetPassword ur_lost_reset_password\">\n\t\t<div class=\"ur-form-row\">\n\t\t\t<div class=\"ur-form-grid\">\n\t\t\t\t<div class=\"ur-lost-password-content-container\">\n\n\t\t\t\t<p class=\"ur-lost-password-title\">\n\t\t\t\tLost your password? \t\t\t\t<\/p>\n\t\t\t\t<p class=\"ur-lost-password-message\">\n\t\t\t\tNo worries, we\u2019ll send you reset instructions via email.\t\t\t\t\t<\/p>\n\t\t\t\t<\/div>\n\n\t\t\t\t<p class=\"user-registration-form-row user-registration-form-row--first form-row form-row-first\">\n\t\t\t\t\t<label for=\"user_login\">\n\t\t\t\t\t\tUsername or Email\t\t\t\t\t\t<abbr class=\"required\" title=\"required\">*<\/abbr><\/label>\n\n\t\t\t\t\t<div class=\"ur-input-with-icon\">\n\t\t\t\t\t\t<svg xmlns=\"http:\/\/www.w3.org\/2000\/svg\" width=\"14\" height=\"15\" viewBox=\"0 0 14 15\" fill=\"none\" class=\"input-icon\">\n\t\t\t\t\t<path d=\"M2.33561 2.83301H11.6689C12.3106 2.83301 12.8356 3.35801 12.8356 3.99967V10.9997C12.8356 11.6413 12.3106 12.1663 11.6689 12.1663H2.33561C1.69395 12.1663 1.16895 11.6413 1.16895 10.9997V3.99967C1.16895 3.35801 1.69395 2.83301 2.33561 2.83301Z\" stroke=\"#858585\" stroke-linecap=\"round\" stroke-linejoin=\"round\"\/>\n\t\t\t\t\t\t<path d=\"M12.8356 4L7.00228 8.08333L1.16895 4\" stroke=\"#858585\" stroke-linecap=\"round\" stroke-linejoin=\"round\"\/>\n\t\t\t\t\t\t<\/svg>\n\t\t\t\t\t\t<input class=\"form-control user-registration-Input user-registration-Input--text\" type=\"text\" name=\"user_login\" id=\"user_login\" placeholder=\"Enter your email\" \/>\n\t\t\t\t<\/div>\n\n\t\t\t\t<div class=\"clear\"><\/div>\n\n\t\t\t\t\n\t\t\t\t\n\t\t\t\t<p class=\"user-registration-form-row form-row\">\n\t\t\t\t\t<input type=\"hidden\" name=\"ur_reset_password\" value=\"true\" \/>\n\t\t\t\t\t<input type=\"submit\" class=\"user-registration-Button button ur-reset-password-btn\" value=\"Reset password \"\/>\n\t\t\t\t<\/p>\n\n\t\t\t\t<input type=\"hidden\" id=\"_wpnonce\" name=\"_wpnonce\" value=\"dceab37a6c\" \/><input type=\"hidden\" name=\"_wp_http_referer\" value=\"\/ru\/wp-json\/wp\/v2\/pages\/968\" \/>\t\t\t<\/div>\n\t\t<\/div>\n\t<\/form>\n<\/div>\n<\/div>\n","protected":false},"excerpt":{"rendered":"Lost your password? No worries, we\u2019ll send you reset instructions via email. Username or Email *","protected":false},"author":1,"featured_media":0,"parent":0,"menu_order":0,"comment_status":"open","ping_status":"open","template":"page-fullwidth.php","meta":{"_acf_changed":false,"_glsr_average":0,"_glsr_ranking":0,"_glsr_reviews":0,"footnotes":""},"translation":{"provider":"WPGlobus","version":"2.12.2","language":"ru","enabled_languages":["lv","en","ru"],"languages":{"lv":{"title":true,"content":true,"excerpt":false},"en":{"title":false,"content":false,"excerpt":false},"ru":{"title":false,"content":false,"excerpt":false}}},"acf":[],"yoast_head":"<!-- This site is optimized with the Yoast SEO plugin v22.5 - https:\/\/yoast.com\/wordpress\/plugins\/seo\/ -->\n<title>aizmirsi paroli? - Whisker<\/title>\n<meta name=\"robots\" content=\"index, follow, max-snippet:-1, max-image-preview:large, max-video-preview:-1\" \/>\n<link rel=\"canonical\" href=\"https:\/\/www.whisker.lv\/atjaunot-paroli\/\" \/>\n<meta property=\"og:locale\" content=\"ru_RU\" \/>\n<meta property=\"og:type\" content=\"article\" \/>\n<meta property=\"og:title\" content=\"aizmirsi paroli? - Whisker\" \/>\n<meta property=\"og:url\" content=\"https:\/\/www.whisker.lv\/atjaunot-paroli\/\" \/>\n<meta property=\"og:site_name\" content=\"Whisker\" \/>\n<meta property=\"article:publisher\" content=\"https:\/\/www.facebook.com\/whisker.lv\/\" \/>\n<meta property=\"article:modified_time\" content=\"2025-06-03T10:24:08+00:00\" \/>\n<meta name=\"twitter:card\" content=\"summary_large_image\" \/>\n<meta name=\"twitter:label1\" content=\"Est. reading time\" \/>\n\t<meta name=\"twitter:data1\" content=\"1 minute\" \/>\n<script type=\"application\/ld+json\" class=\"yoast-schema-graph\">{\"@context\":\"https:\/\/schema.org\",\"@graph\":[{\"@type\":\"WebPage\",\"@id\":\"https:\/\/www.whisker.lv\/atjaunot-paroli\/\",\"url\":\"https:\/\/www.whisker.lv\/atjaunot-paroli\/\",\"name\":\"aizmirsi paroli? - Whisker\",\"isPartOf\":{\"@id\":\"https:\/\/www.whisker.lv\/#website\"},\"datePublished\":\"2015-01-28T16:17:32+00:00\",\"dateModified\":\"2025-06-03T10:24:08+00:00\",\"breadcrumb\":{\"@id\":\"https:\/\/www.whisker.lv\/atjaunot-paroli\/#breadcrumb\"},\"inLanguage\":\"ru-RU\",\"potentialAction\":[{\"@type\":\"ReadAction\",\"target\":[\"https:\/\/www.whisker.lv\/atjaunot-paroli\/\"]}]},{\"@type\":\"BreadcrumbList\",\"@id\":\"https:\/\/www.whisker.lv\/atjaunot-paroli\/#breadcrumb\",\"itemListElement\":[{\"@type\":\"ListItem\",\"position\":1,\"name\":\"S\u0101kums\",\"item\":\"https:\/\/www.whisker.lv\/\"},{\"@type\":\"ListItem\",\"position\":2,\"name\":\"aizmirsi paroli?\"}]},{\"@type\":\"WebSite\",\"@id\":\"https:\/\/www.whisker.lv\/#website\",\"url\":\"https:\/\/www.whisker.lv\/\",\"name\":\"Whisker\",\"description\":\"Tavs pal\u012bgs m\u0101jdzivnieku pieskat\u012b\u0161an\u0101\",\"potentialAction\":[{\"@type\":\"SearchAction\",\"target\":{\"@type\":\"EntryPoint\",\"urlTemplate\":\"https:\/\/www.whisker.lv\/?s={search_term_string}\"},\"query-input\":\"required name=search_term_string\"}],\"inLanguage\":\"ru-RU\"}]}<\/script>\n<!-- \/ Yoast SEO plugin. -->","yoast_head_json":{"title":"aizmirsi paroli? - Whisker","robots":{"index":"index","follow":"follow","max-snippet":"max-snippet:-1","max-image-preview":"max-image-preview:large","max-video-preview":"max-video-preview:-1"},"canonical":"https:\/\/www.whisker.lv\/atjaunot-paroli\/","og_locale":"ru_RU","og_type":"article","og_title":"aizmirsi paroli? - Whisker","og_url":"https:\/\/www.whisker.lv\/atjaunot-paroli\/","og_site_name":"Whisker","article_publisher":"https:\/\/www.facebook.com\/whisker.lv\/","article_modified_time":"2025-06-03T10:24:08+00:00","twitter_card":"summary_large_image","twitter_misc":{"Est. reading time":"1 minute"},"schema":{"@context":"https:\/\/schema.org","@graph":[{"@type":"WebPage","@id":"https:\/\/www.whisker.lv\/atjaunot-paroli\/","url":"https:\/\/www.whisker.lv\/atjaunot-paroli\/","name":"aizmirsi paroli? - Whisker","isPartOf":{"@id":"https:\/\/www.whisker.lv\/#website"},"datePublished":"2015-01-28T16:17:32+00:00","dateModified":"2025-06-03T10:24:08+00:00","breadcrumb":{"@id":"https:\/\/www.whisker.lv\/atjaunot-paroli\/#breadcrumb"},"inLanguage":"ru-RU","potentialAction":[{"@type":"ReadAction","target":["https:\/\/www.whisker.lv\/atjaunot-paroli\/"]}]},{"@type":"BreadcrumbList","@id":"https:\/\/www.whisker.lv\/atjaunot-paroli\/#breadcrumb","itemListElement":[{"@type":"ListItem","position":1,"name":"S\u0101kums","item":"https:\/\/www.whisker.lv\/"},{"@type":"ListItem","position":2,"name":"aizmirsi paroli?"}]},{"@type":"WebSite","@id":"https:\/\/www.whisker.lv\/#website","url":"https:\/\/www.whisker.lv\/","name":"Whisker","description":"Tavs pal\u012bgs m\u0101jdzivnieku pieskat\u012b\u0161an\u0101","potentialAction":[{"@type":"SearchAction","target":{"@type":"EntryPoint","urlTemplate":"https:\/\/www.whisker.lv\/?s={search_term_string}"},"query-input":"required name=search_term_string"}],"inLanguage":"ru-RU"}]}},"_links":{"self":[{"href":"https:\/\/www.whisker.lv\/ru\/wp-json\/wp\/v2\/pages\/968"}],"collection":[{"href":"https:\/\/www.whisker.lv\/ru\/wp-json\/wp\/v2\/pages"}],"about":[{"href":"https:\/\/www.whisker.lv\/ru\/wp-json\/wp\/v2\/types\/page"}],"author":[{"embeddable":true,"href":"https:\/\/www.whisker.lv\/ru\/wp-json\/wp\/v2\/users\/1"}],"replies":[{"embeddable":true,"href":"https:\/\/www.whisker.lv\/ru\/wp-json\/wp\/v2\/comments?post=968"}],"version-history":[{"count":4,"href":"https:\/\/www.whisker.lv\/ru\/wp-json\/wp\/v2\/pages\/968\/revisions"}],"predecessor-version":[{"id":67361,"href":"https:\/\/www.whisker.lv\/ru\/wp-json\/wp\/v2\/pages\/968\/revisions\/67361"}],"wp:attachment":[{"href":"https:\/\/www.whisker.lv\/ru\/wp-json\/wp\/v2\/media?parent=968"}],"curies":[{"name":"wp","href":"https:\/\/api.w.org\/{rel}","templated":true}]}}