



{"id":9683,"date":"2019-03-15T20:54:44","date_gmt":"2019-03-15T18:54:44","guid":{"rendered":"https:\/\/www.whisker.lv\/?page_id=9683"},"modified":"2019-04-03T22:20:29","modified_gmt":"2019-04-03T20:20:29","slug":"cesapikas-retrivers","status":"publish","type":"page","link":"https:\/\/www.whisker.lv\/ru\/sunu-skirnes\/cesapikas-retrivers\/","title":{"rendered":"\u010cesap\u012bkas retr\u012bvers"},"content":{"rendered":"[vc_row][vc_column][vc_text_separator title=&#8221;\u010cesap\u012bkas retr\u012bvers&#8221; border_width=&#8221;8&#8243;][\/vc_column][\/vc_row][vc_row][vc_column width=&#8221;1\/2&#8243;][vc_single_image image=&#8221;9685&#8243; img_size=&#8221;full&#8221; alignment=&#8221;center&#8221; style=&#8221;vc_box_rounded&#8221;][\/vc_column][vc_column width=&#8221;1\/2&#8243;][vc_column_text]<span style=\"color: #000000;\"><strong>Dzimtene:<\/strong> ASV<\/span><\/p>\n<p><span style=\"color: #000000;\"><strong>Funkcija:<\/strong> \u016bdensputnu mednieks<\/span><\/p>\n<p><span style=\"color: #000000;\"><strong>Izcel\u0161an\u0101s:<\/strong> ap 1800. g.<\/span><\/p>\n<p><span style=\"color: #000000;\"><strong>Skausta augstums:<\/strong> 53-66 cm<\/span><\/p>\n<p><span style=\"color: #000000;\"><strong>Masa:<\/strong> 25-34 kg<\/span><\/p>\n<p><span style=\"color: #000000;\"><strong>Raksturs:<\/strong> uztic\u012bgs, str\u0101d\u012bgs<\/span><\/p>\n<p><span style=\"color: #000000;\"><strong>Dz\u012bves ilgums:<\/strong> 10-13 gadi<\/span>[\/vc_column_text][\/vc_column][\/vc_row][vc_row][vc_column][vc_column_text]<span style=\"color: #000000;\">\u0160ie retr\u012bveri ir ide\u0101li putnu su\u0146i. Vi\u0146iem ir saplacin\u0101ts galvaskauss, kantaina piere un sp\u0113c\u012bgi \u017eok\u013ci. Biezais ka\u017eoks su\u0146us pasarg\u0101 no \u010cesap\u012bkas l\u012b\u010da aukstajiem \u016bde\u0146iem. \u0160\u0137irnes dzimtene ir ASV, \u010cesap\u012bkas piekrastes re\u0123ionos. Apmatojumu iee\u013c\u013co tauku dziedzeru sekr\u0113ts, t\u0101p\u0113c \u0161iem retr\u012bveriem ir savdab\u012bga smaka.<\/span><\/p>\n<p><span style=\"color: #000000;\"><strong>V\u0113sture.<\/strong> 1807. gad\u0101 pie ASV Merilandas krastiem uz s\u0113k\u013ca uzskr\u0113ja ku\u0123is. Krast\u0101 izpeld\u0113ja divi kuc\u0113ni, kuri tiek uzskat\u012bti par \u0161\u0137irnes priek\u0161te\u010diem. Viet\u0113jie iedz\u012bvot\u0101ji vi\u0146iem iem\u0101cija iznest no \u016bdens nomed\u012bt\u0101s p\u012bles. V\u0113l\u0101k \u0161o prasmi pilnveidoja selekcijas ce\u013c\u0101, krustojot sprogainos retr\u012bverus un \u016bdru dzin\u0113jsu\u0146us.<\/span><\/p>\n<p><span style=\"color: #000000;\"><strong>Piez\u012bme.\u00a0<\/strong>Starp pirkstiem ir peldp\u0113ve, kas sunim atvieglo peld\u0113\u0161anu.<\/span>[\/vc_column_text][\/vc_column][\/vc_row]\n","protected":false},"excerpt":{"rendered":"<p>[vc_row][vc_column][vc_text_separator title=&#8221;\u010cesap\u012bkas retr\u012bvers&#8221; border_width=&#8221;8&#8243;][\/vc_column][\/vc_row][vc_row][vc_column width=&#8221;1\/2&#8243;][vc_single_image image=&#8221;9685&#8243; img_size=&#8221;full&#8221; alignment=&#8221;center&#8221; style=&#8221;vc_box_rounded&#8221;][\/vc_column][vc_column width=&#8221;1\/2&#8243;][vc_column_text]Dzimtene: ASV Funkcija: \u016bdensputnu mednieks Izcel\u0161an\u0101s: ap 1800. g. Skausta augstums: 53-66 cm Masa: 25-34 kg Raksturs: uztic\u012bgs, str\u0101d\u012bgs Dz\u012bves ilgums: 10-13 gadi[\/vc_column_text][\/vc_column][\/vc_row][vc_row][vc_column][vc_column_text]\u0160ie retr\u012bveri ir ide\u0101li putnu su\u0146i. Vi\u0146iem ir saplacin\u0101ts galvaskauss, kantaina piere un sp\u0113c\u012bgi \u017eok\u013ci. Biezais ka\u017eoks su\u0146us pasarg\u0101 no \u010cesap\u012bkas l\u012b\u010da aukstajiem \u016bde\u0146iem. [&hellip;]<\/p>\n","protected":false},"author":1,"featured_media":0,"parent":8016,"menu_order":0,"comment_status":"closed","ping_status":"closed","template":"page-fullwidth.php","meta":{"_acf_changed":false,"_glsr_average":0,"_glsr_ranking":0,"_glsr_reviews":0,"footnotes":""},"translation":{"provider":"WPGlobus","version":"2.12.2","language":"ru","enabled_languages":["lv","en","ru"],"languages":{"lv":{"title":true,"content":true,"excerpt":false},"en":{"title":false,"content":false,"excerpt":false},"ru":{"title":false,"content":false,"excerpt":false}}},"acf":[],"yoast_head":"<!-- This site is optimized with the Yoast SEO plugin v22.5 - https:\/\/yoast.com\/wordpress\/plugins\/seo\/ -->\n<title>\u010cesap\u012bkas retr\u012bvers - Whisker.lv | Su\u0146u \u0161\u0137irnes - \u010cesap\u012bkas retr\u012bvers<\/title>\n<meta name=\"robots\" content=\"index, follow, max-snippet:-1, max-image-preview:large, max-video-preview:-1\" \/>\n<link rel=\"canonical\" href=\"https:\/\/www.whisker.lv\/sunu-skirnes\/cesapikas-retrivers\/\" \/>\n<meta property=\"og:locale\" content=\"ru_RU\" \/>\n<meta property=\"og:type\" content=\"article\" \/>\n<meta property=\"og:title\" content=\"\u010cesap\u012bkas retr\u012bvers - Whisker\" \/>\n<meta property=\"og:url\" content=\"https:\/\/www.whisker.lv\/sunu-skirnes\/cesapikas-retrivers\/\" \/>\n<meta property=\"og:site_name\" content=\"Whisker\" \/>\n<meta property=\"article:publisher\" content=\"https:\/\/www.facebook.com\/whisker.lv\/\" \/>\n<meta property=\"article:modified_time\" content=\"2019-04-03T20:20:29+00:00\" \/>\n<meta name=\"twitter:card\" content=\"summary_large_image\" \/>\n<meta name=\"twitter:label1\" content=\"Est. reading time\" \/>\n\t<meta name=\"twitter:data1\" content=\"1 minute\" \/>\n<script type=\"application\/ld+json\" class=\"yoast-schema-graph\">{\"@context\":\"https:\/\/schema.org\",\"@graph\":[{\"@type\":\"WebPage\",\"@id\":\"https:\/\/www.whisker.lv\/sunu-skirnes\/cesapikas-retrivers\/\",\"url\":\"https:\/\/www.whisker.lv\/sunu-skirnes\/cesapikas-retrivers\/\",\"name\":\"\u010cesap\u012bkas retr\u012bvers - Whisker.lv | Su\u0146u \u0161\u0137irnes - \u010cesap\u012bkas retr\u012bvers\",\"isPartOf\":{\"@id\":\"https:\/\/www.whisker.lv\/#website\"},\"datePublished\":\"2019-03-15T18:54:44+00:00\",\"dateModified\":\"2019-04-03T20:20:29+00:00\",\"description\":\"\u010cesap\u012bkas retr\u012bvers - vi\u0146iem ir saplacin\u0101ts galvaskauss, kantaina piere un sp\u0113c\u012bgi \u017eok\u013ci. Biezais ka\u017eoks su\u0146us pasarg\u0101 no \u010cesap\u012bkas l\u012b\u010da aukstajiem \u016bde\u0146iem.\",\"breadcrumb\":{\"@id\":\"https:\/\/www.whisker.lv\/sunu-skirnes\/cesapikas-retrivers\/#breadcrumb\"},\"inLanguage\":\"ru-RU\",\"potentialAction\":[{\"@type\":\"ReadAction\",\"target\":[\"https:\/\/www.whisker.lv\/sunu-skirnes\/cesapikas-retrivers\/\"]}]},{\"@type\":\"BreadcrumbList\",\"@id\":\"https:\/\/www.whisker.lv\/sunu-skirnes\/cesapikas-retrivers\/#breadcrumb\",\"itemListElement\":[{\"@type\":\"ListItem\",\"position\":1,\"name\":\"S\u0101kums\",\"item\":\"https:\/\/www.whisker.lv\/\"},{\"@type\":\"ListItem\",\"position\":2,\"name\":\"Su\u0146u \u0161\u0137irnes\",\"item\":\"https:\/\/www.whisker.lv\/sunu-skirnes\/\"},{\"@type\":\"ListItem\",\"position\":3,\"name\":\"\u010cesap\u012bkas retr\u012bvers\"}]},{\"@type\":\"WebSite\",\"@id\":\"https:\/\/www.whisker.lv\/#website\",\"url\":\"https:\/\/www.whisker.lv\/\",\"name\":\"Whisker\",\"description\":\"Tavs pal\u012bgs m\u0101jdzivnieku pieskat\u012b\u0161an\u0101\",\"potentialAction\":[{\"@type\":\"SearchAction\",\"target\":{\"@type\":\"EntryPoint\",\"urlTemplate\":\"https:\/\/www.whisker.lv\/?s={search_term_string}\"},\"query-input\":\"required name=search_term_string\"}],\"inLanguage\":\"ru-RU\"}]}<\/script>\n<!-- \/ Yoast SEO plugin. -->","yoast_head_json":{"title":"\u010cesap\u012bkas retr\u012bvers - Whisker.lv | Su\u0146u \u0161\u0137irnes - \u010cesap\u012bkas retr\u012bvers","robots":{"index":"index","follow":"follow","max-snippet":"max-snippet:-1","max-image-preview":"max-image-preview:large","max-video-preview":"max-video-preview:-1"},"canonical":"https:\/\/www.whisker.lv\/sunu-skirnes\/cesapikas-retrivers\/","og_locale":"ru_RU","og_type":"article","og_title":"\u010cesap\u012bkas retr\u012bvers - Whisker","og_url":"https:\/\/www.whisker.lv\/sunu-skirnes\/cesapikas-retrivers\/","og_site_name":"Whisker","article_publisher":"https:\/\/www.facebook.com\/whisker.lv\/","article_modified_time":"2019-04-03T20:20:29+00:00","twitter_card":"summary_large_image","twitter_misc":{"Est. reading time":"1 minute"},"schema":{"@context":"https:\/\/schema.org","@graph":[{"@type":"WebPage","@id":"https:\/\/www.whisker.lv\/sunu-skirnes\/cesapikas-retrivers\/","url":"https:\/\/www.whisker.lv\/sunu-skirnes\/cesapikas-retrivers\/","name":"\u010cesap\u012bkas retr\u012bvers - Whisker.lv | Su\u0146u \u0161\u0137irnes - \u010cesap\u012bkas retr\u012bvers","isPartOf":{"@id":"https:\/\/www.whisker.lv\/#website"},"datePublished":"2019-03-15T18:54:44+00:00","dateModified":"2019-04-03T20:20:29+00:00","description":"\u010cesap\u012bkas retr\u012bvers - vi\u0146iem ir saplacin\u0101ts galvaskauss, kantaina piere un sp\u0113c\u012bgi \u017eok\u013ci. Biezais ka\u017eoks su\u0146us pasarg\u0101 no \u010cesap\u012bkas l\u012b\u010da aukstajiem \u016bde\u0146iem.","breadcrumb":{"@id":"https:\/\/www.whisker.lv\/sunu-skirnes\/cesapikas-retrivers\/#breadcrumb"},"inLanguage":"ru-RU","potentialAction":[{"@type":"ReadAction","target":["https:\/\/www.whisker.lv\/sunu-skirnes\/cesapikas-retrivers\/"]}]},{"@type":"BreadcrumbList","@id":"https:\/\/www.whisker.lv\/sunu-skirnes\/cesapikas-retrivers\/#breadcrumb","itemListElement":[{"@type":"ListItem","position":1,"name":"S\u0101kums","item":"https:\/\/www.whisker.lv\/"},{"@type":"ListItem","position":2,"name":"Su\u0146u \u0161\u0137irnes","item":"https:\/\/www.whisker.lv\/sunu-skirnes\/"},{"@type":"ListItem","position":3,"name":"\u010cesap\u012bkas retr\u012bvers"}]},{"@type":"WebSite","@id":"https:\/\/www.whisker.lv\/#website","url":"https:\/\/www.whisker.lv\/","name":"Whisker","description":"Tavs pal\u012bgs m\u0101jdzivnieku pieskat\u012b\u0161an\u0101","potentialAction":[{"@type":"SearchAction","target":{"@type":"EntryPoint","urlTemplate":"https:\/\/www.whisker.lv\/?s={search_term_string}"},"query-input":"required name=search_term_string"}],"inLanguage":"ru-RU"}]}},"_links":{"self":[{"href":"https:\/\/www.whisker.lv\/ru\/wp-json\/wp\/v2\/pages\/9683"}],"collection":[{"href":"https:\/\/www.whisker.lv\/ru\/wp-json\/wp\/v2\/pages"}],"about":[{"href":"https:\/\/www.whisker.lv\/ru\/wp-json\/wp\/v2\/types\/page"}],"author":[{"embeddable":true,"href":"https:\/\/www.whisker.lv\/ru\/wp-json\/wp\/v2\/users\/1"}],"replies":[{"embeddable":true,"href":"https:\/\/www.whisker.lv\/ru\/wp-json\/wp\/v2\/comments?post=9683"}],"version-history":[{"count":4,"href":"https:\/\/www.whisker.lv\/ru\/wp-json\/wp\/v2\/pages\/9683\/revisions"}],"predecessor-version":[{"id":11161,"href":"https:\/\/www.whisker.lv\/ru\/wp-json\/wp\/v2\/pages\/9683\/revisions\/11161"}],"up":[{"embeddable":true,"href":"https:\/\/www.whisker.lv\/ru\/wp-json\/wp\/v2\/pages\/8016"}],"wp:attachment":[{"href":"https:\/\/www.whisker.lv\/ru\/wp-json\/wp\/v2\/media?parent=9683"}],"curies":[{"name":"wp","href":"https:\/\/api.w.org\/{rel}","templated":true}]}}