



{"id":9688,"date":"2019-03-15T20:59:43","date_gmt":"2019-03-15T18:59:43","guid":{"rendered":"https:\/\/www.whisker.lv\/?page_id=9688"},"modified":"2019-04-03T22:19:25","modified_gmt":"2019-04-03T20:19:25","slug":"cehu-terjers","status":"publish","type":"page","link":"https:\/\/www.whisker.lv\/ru\/sunu-skirnes\/cehu-terjers\/","title":{"rendered":"\u010cehu terjers"},"content":{"rendered":"[vc_row][vc_column][vc_text_separator title=&#8221;\u010cehu terjers &#8221; border_width=&#8221;8&#8243;][\/vc_column][\/vc_row][vc_row][vc_column width=&#8221;1\/2&#8243;][vc_single_image image=&#8221;9690&#8243; img_size=&#8221;full&#8221; alignment=&#8221;center&#8221; style=&#8221;vc_box_rounded&#8221;][\/vc_column][vc_column width=&#8221;1\/2&#8243;][vc_column_text]<span style=\"color: #000000;\"><strong>Dzimtene:<\/strong> \u010cehija<\/span><\/p>\n<p><span style=\"color: #000000;\"><strong>Funkcija:<\/strong> sargsuns<\/span><\/p>\n<p><span style=\"color: #000000;\"><strong>Izcel\u0161an\u0101s:<\/strong> 1940. g.<\/span><\/p>\n<p><span style=\"color: #000000;\"><strong>Skausta augstums:<\/strong> 25-36 cm<\/span><\/p>\n<p><span style=\"color: #000000;\"><strong>Masa:<\/strong> 5,5-8 kg<\/span><\/p>\n<p><span style=\"color: #000000;\"><strong>Raksturs:<\/strong> labsird\u012bgs, padev\u012bgs<\/span><\/p>\n<p><span style=\"color: #000000;\"><strong>Dz\u012bves ilgums:<\/strong> 12-15 gadi<\/span>[\/vc_column_text][\/vc_column][\/vc_row][vc_row][vc_column][vc_column_text]<span style=\"color: #000000;\">\u010cehu terjera galven\u0101 rota ir z\u012bdainais ka\u017eoks, kupl\u0101 b\u0101rda un uzacis. Mazais, graciozais suns ir veikls un sp\u0113c\u012bgs. Vi\u0146am ir gara galva un liels deguns.<\/span><\/p>\n<p><span style=\"color: #000000;\"><strong>V\u0113sture.<\/strong> \u0160o \u0161\u0137irni pilveidojis \u010dehu \u0123en\u0113ti\u0137is, dr. F. Hor\u0101ks. Ofici\u0101li t\u0101 tika atz\u012bta 1963. gad\u0101.<\/span><\/p>\n<p><span style=\"color: #000000;\"><strong>Piez\u012bme.<\/strong> \u010cehu terjers lieliski saprotas ar b\u0113rniem un ir uzticams sargsuns. Arvien liel\u0101ku popularit\u0101ti vi\u0146\u0161 iemanto ASV.<\/span>[\/vc_column_text][\/vc_column][\/vc_row]\n","protected":false},"excerpt":{"rendered":"<p>[vc_row][vc_column][vc_text_separator title=&#8221;\u010cehu terjers &#8221; border_width=&#8221;8&#8243;][\/vc_column][\/vc_row][vc_row][vc_column width=&#8221;1\/2&#8243;][vc_single_image image=&#8221;9690&#8243; img_size=&#8221;full&#8221; alignment=&#8221;center&#8221; style=&#8221;vc_box_rounded&#8221;][\/vc_column][vc_column width=&#8221;1\/2&#8243;][vc_column_text]Dzimtene: \u010cehija Funkcija: sargsuns Izcel\u0161an\u0101s: 1940. g. Skausta augstums: 25-36 cm Masa: 5,5-8 kg Raksturs: labsird\u012bgs, padev\u012bgs Dz\u012bves ilgums: 12-15 gadi[\/vc_column_text][\/vc_column][\/vc_row][vc_row][vc_column][vc_column_text]\u010cehu terjera galven\u0101 rota ir z\u012bdainais ka\u017eoks, kupl\u0101 b\u0101rda un uzacis. Mazais, graciozais suns ir veikls un sp\u0113c\u012bgs. Vi\u0146am ir gara galva un liels deguns. [&hellip;]<\/p>\n","protected":false},"author":1,"featured_media":0,"parent":8016,"menu_order":0,"comment_status":"closed","ping_status":"closed","template":"page-fullwidth.php","meta":{"_acf_changed":false,"_glsr_average":0,"_glsr_ranking":0,"_glsr_reviews":0,"footnotes":""},"translation":{"provider":"WPGlobus","version":"2.12.2","language":"ru","enabled_languages":["lv","en","ru"],"languages":{"lv":{"title":true,"content":true,"excerpt":false},"en":{"title":false,"content":false,"excerpt":false},"ru":{"title":false,"content":false,"excerpt":false}}},"acf":[],"yoast_head":"<!-- This site is optimized with the Yoast SEO plugin v22.5 - https:\/\/yoast.com\/wordpress\/plugins\/seo\/ -->\n<title>\u010cehu terjers - Whisker.lv | Su\u0146u \u0161\u0137irnes - \u010cehu terjers<\/title>\n<meta name=\"robots\" content=\"index, follow, max-snippet:-1, max-image-preview:large, max-video-preview:-1\" \/>\n<link rel=\"canonical\" href=\"https:\/\/www.whisker.lv\/sunu-skirnes\/cehu-terjers\/\" \/>\n<meta property=\"og:locale\" content=\"ru_RU\" \/>\n<meta property=\"og:type\" content=\"article\" \/>\n<meta property=\"og:title\" content=\"\u010cehu terjers - Whisker\" \/>\n<meta property=\"og:url\" content=\"https:\/\/www.whisker.lv\/sunu-skirnes\/cehu-terjers\/\" \/>\n<meta property=\"og:site_name\" content=\"Whisker\" \/>\n<meta property=\"article:publisher\" content=\"https:\/\/www.facebook.com\/whisker.lv\/\" \/>\n<meta property=\"article:modified_time\" content=\"2019-04-03T20:19:25+00:00\" \/>\n<meta name=\"twitter:card\" content=\"summary_large_image\" \/>\n<meta name=\"twitter:label1\" content=\"Est. reading time\" \/>\n\t<meta name=\"twitter:data1\" content=\"1 minute\" \/>\n<script type=\"application\/ld+json\" class=\"yoast-schema-graph\">{\"@context\":\"https:\/\/schema.org\",\"@graph\":[{\"@type\":\"WebPage\",\"@id\":\"https:\/\/www.whisker.lv\/sunu-skirnes\/cehu-terjers\/\",\"url\":\"https:\/\/www.whisker.lv\/sunu-skirnes\/cehu-terjers\/\",\"name\":\"\u010cehu terjers - Whisker.lv | Su\u0146u \u0161\u0137irnes - \u010cehu terjers\",\"isPartOf\":{\"@id\":\"https:\/\/www.whisker.lv\/#website\"},\"datePublished\":\"2019-03-15T18:59:43+00:00\",\"dateModified\":\"2019-04-03T20:19:25+00:00\",\"description\":\"\u010cehu terjers - galven\u0101 rota ir z\u012bdainais ka\u017eoks, kupl\u0101 b\u0101rda un uzacis. Mazais, graciozais suns ir veikls un sp\u0113c\u012bgs. Vi\u0146am ir gara galva un liels deguns.\",\"breadcrumb\":{\"@id\":\"https:\/\/www.whisker.lv\/sunu-skirnes\/cehu-terjers\/#breadcrumb\"},\"inLanguage\":\"ru-RU\",\"potentialAction\":[{\"@type\":\"ReadAction\",\"target\":[\"https:\/\/www.whisker.lv\/sunu-skirnes\/cehu-terjers\/\"]}]},{\"@type\":\"BreadcrumbList\",\"@id\":\"https:\/\/www.whisker.lv\/sunu-skirnes\/cehu-terjers\/#breadcrumb\",\"itemListElement\":[{\"@type\":\"ListItem\",\"position\":1,\"name\":\"S\u0101kums\",\"item\":\"https:\/\/www.whisker.lv\/\"},{\"@type\":\"ListItem\",\"position\":2,\"name\":\"Su\u0146u \u0161\u0137irnes\",\"item\":\"https:\/\/www.whisker.lv\/sunu-skirnes\/\"},{\"@type\":\"ListItem\",\"position\":3,\"name\":\"\u010cehu terjers\"}]},{\"@type\":\"WebSite\",\"@id\":\"https:\/\/www.whisker.lv\/#website\",\"url\":\"https:\/\/www.whisker.lv\/\",\"name\":\"Whisker\",\"description\":\"Tavs pal\u012bgs m\u0101jdzivnieku pieskat\u012b\u0161an\u0101\",\"potentialAction\":[{\"@type\":\"SearchAction\",\"target\":{\"@type\":\"EntryPoint\",\"urlTemplate\":\"https:\/\/www.whisker.lv\/?s={search_term_string}\"},\"query-input\":\"required name=search_term_string\"}],\"inLanguage\":\"ru-RU\"}]}<\/script>\n<!-- \/ Yoast SEO plugin. -->","yoast_head_json":{"title":"\u010cehu terjers - Whisker.lv | Su\u0146u \u0161\u0137irnes - \u010cehu terjers","robots":{"index":"index","follow":"follow","max-snippet":"max-snippet:-1","max-image-preview":"max-image-preview:large","max-video-preview":"max-video-preview:-1"},"canonical":"https:\/\/www.whisker.lv\/sunu-skirnes\/cehu-terjers\/","og_locale":"ru_RU","og_type":"article","og_title":"\u010cehu terjers - Whisker","og_url":"https:\/\/www.whisker.lv\/sunu-skirnes\/cehu-terjers\/","og_site_name":"Whisker","article_publisher":"https:\/\/www.facebook.com\/whisker.lv\/","article_modified_time":"2019-04-03T20:19:25+00:00","twitter_card":"summary_large_image","twitter_misc":{"Est. reading time":"1 minute"},"schema":{"@context":"https:\/\/schema.org","@graph":[{"@type":"WebPage","@id":"https:\/\/www.whisker.lv\/sunu-skirnes\/cehu-terjers\/","url":"https:\/\/www.whisker.lv\/sunu-skirnes\/cehu-terjers\/","name":"\u010cehu terjers - Whisker.lv | Su\u0146u \u0161\u0137irnes - \u010cehu terjers","isPartOf":{"@id":"https:\/\/www.whisker.lv\/#website"},"datePublished":"2019-03-15T18:59:43+00:00","dateModified":"2019-04-03T20:19:25+00:00","description":"\u010cehu terjers - galven\u0101 rota ir z\u012bdainais ka\u017eoks, kupl\u0101 b\u0101rda un uzacis. Mazais, graciozais suns ir veikls un sp\u0113c\u012bgs. Vi\u0146am ir gara galva un liels deguns.","breadcrumb":{"@id":"https:\/\/www.whisker.lv\/sunu-skirnes\/cehu-terjers\/#breadcrumb"},"inLanguage":"ru-RU","potentialAction":[{"@type":"ReadAction","target":["https:\/\/www.whisker.lv\/sunu-skirnes\/cehu-terjers\/"]}]},{"@type":"BreadcrumbList","@id":"https:\/\/www.whisker.lv\/sunu-skirnes\/cehu-terjers\/#breadcrumb","itemListElement":[{"@type":"ListItem","position":1,"name":"S\u0101kums","item":"https:\/\/www.whisker.lv\/"},{"@type":"ListItem","position":2,"name":"Su\u0146u \u0161\u0137irnes","item":"https:\/\/www.whisker.lv\/sunu-skirnes\/"},{"@type":"ListItem","position":3,"name":"\u010cehu terjers"}]},{"@type":"WebSite","@id":"https:\/\/www.whisker.lv\/#website","url":"https:\/\/www.whisker.lv\/","name":"Whisker","description":"Tavs pal\u012bgs m\u0101jdzivnieku pieskat\u012b\u0161an\u0101","potentialAction":[{"@type":"SearchAction","target":{"@type":"EntryPoint","urlTemplate":"https:\/\/www.whisker.lv\/?s={search_term_string}"},"query-input":"required name=search_term_string"}],"inLanguage":"ru-RU"}]}},"_links":{"self":[{"href":"https:\/\/www.whisker.lv\/ru\/wp-json\/wp\/v2\/pages\/9688"}],"collection":[{"href":"https:\/\/www.whisker.lv\/ru\/wp-json\/wp\/v2\/pages"}],"about":[{"href":"https:\/\/www.whisker.lv\/ru\/wp-json\/wp\/v2\/types\/page"}],"author":[{"embeddable":true,"href":"https:\/\/www.whisker.lv\/ru\/wp-json\/wp\/v2\/users\/1"}],"replies":[{"embeddable":true,"href":"https:\/\/www.whisker.lv\/ru\/wp-json\/wp\/v2\/comments?post=9688"}],"version-history":[{"count":3,"href":"https:\/\/www.whisker.lv\/ru\/wp-json\/wp\/v2\/pages\/9688\/revisions"}],"predecessor-version":[{"id":9692,"href":"https:\/\/www.whisker.lv\/ru\/wp-json\/wp\/v2\/pages\/9688\/revisions\/9692"}],"up":[{"embeddable":true,"href":"https:\/\/www.whisker.lv\/ru\/wp-json\/wp\/v2\/pages\/8016"}],"wp:attachment":[{"href":"https:\/\/www.whisker.lv\/ru\/wp-json\/wp\/v2\/media?parent=9688"}],"curies":[{"name":"wp","href":"https:\/\/api.w.org\/{rel}","templated":true}]}}