



{"id":9703,"date":"2019-03-15T21:29:04","date_gmt":"2019-03-15T19:29:04","guid":{"rendered":"https:\/\/www.whisker.lv\/?page_id=9703"},"modified":"2019-04-03T22:16:06","modified_gmt":"2019-04-03T20:16:06","slug":"briars","status":"publish","type":"page","link":"https:\/\/www.whisker.lv\/ru\/sunu-skirnes\/briars\/","title":{"rendered":"Bri\u0101rs"},"content":{"rendered":"[vc_row][vc_column][vc_text_separator title=&#8221;Bri\u0101rs&#8221; border_width=&#8221;8&#8243;][\/vc_column][\/vc_row][vc_row][vc_column width=&#8221;1\/2&#8243;][vc_single_image image=&#8221;8094&#8243; img_size=&#8221;large&#8221; alignment=&#8221;center&#8221; style=&#8221;vc_box_rounded&#8221;][\/vc_column][vc_column width=&#8221;1\/2&#8243;][vc_column_text]<span style=\"color: #000000;\"><strong>Dzimtene:<\/strong> Francija<\/span><\/p>\n<p><span style=\"color: #000000;\"><strong>Funkcija:<\/strong> ganu suns<\/span><\/p>\n<p><span style=\"color: #000000;\"><strong>Izcel\u0161an\u0101s:<\/strong> ap 1200. g.<\/span><\/p>\n<p><span style=\"color: #000000;\"><strong>Skausta augstums:<\/strong> 57-69 cm<\/span><\/p>\n<p><span style=\"color: #000000;\"><strong>Masa:<\/strong> 34 kg<\/span><\/p>\n<p><span style=\"color: #000000;\"><strong>Raksturs:<\/strong> dz\u012bvespriec\u012bgs, modrs<\/span><\/p>\n<p><span style=\"color: #000000;\"><strong>Dz\u012bves ilgums:<\/strong> 12 gadi<\/span>[\/vc_column_text][\/vc_column][\/vc_row][vc_row][vc_column][vc_column_text]<span style=\"color: #000000;\">\u0160o lielo, musku\u013coto fran\u010du ganu su\u0146u \u0161\u0137irne ir viena no vec\u0101kaj\u0101m su\u0146u \u0161\u0137irn\u0113m Viduseirop\u0101. Lai ar\u012b bri\u0101ri m\u0113dz b\u016bt nikni un modri gan\u0101mpulku uzraugi, vi\u0146i viegli pak\u013caujas dres\u016brai, ir laipni, m\u012blo\u0161i un paciet\u012bgi saskarsm\u0113 ar b\u0113rniem. Viena no \u0161\u0137irnes rakstur\u012bg\u0101kaj\u0101m \u012bpatn\u012bb\u0101m \u2013 su\u0146iem uz paka\u013ck\u0101j\u0101m ir rudiment\u0101r\u0101 pirksta dubultizaugumi. Ja ar suni paredz\u0113ts piedal\u012bties izst\u0101d\u0113s, tos nek\u0101d\u0101 gad\u012bjum\u0101 nedr\u012bkst amput\u0113t. Musku\u013cotais suns skrienot sper s\u012bkus sol\u012b\u0161us, t\u0101p\u0113c rodas iespaids, ka bri\u0101rs it k\u0101 sl\u012bd pa zemes virsmu. Viegli vi\u013c\u0146otais un \u016bdensnecaurlaid\u012bgais ka\u017eoks pasarg\u0101 suni gan no sala, gan no \u016bdens, tam nav nepiecie\u0161ama \u013coti r\u016bp\u012bga kop\u0161ana.<\/span><\/p>\n<p><span style=\"color: #000000;\"><strong>V\u0113sture.<\/strong> \u0160\u0137irnes nosaukums c\u0113lies no Br\u012b provinces Francij\u0101. M\u016bsdien\u0101s \u0161os su\u0146us labi paz\u012bst vis\u0101 Francijas teritorij\u0101. Bri\u0101ri gan\u0101mpulku ne tikai uzraudz\u012bja, bet ar\u012b aizsarg\u0101ja no vilku un citu pl\u0113s\u0113ju uzbrukumiem.<\/span><\/p>\n<p><span style=\"color: #000000;\"><strong>Piez\u012bme.<\/strong> P\u0113c Pirm\u0101 pasaules kara uz ASV tika aizvesti \u010detri bri\u0101ru \u0161\u0137irnes su\u0146i. Pag\u0101ju\u0161\u0101 gadsimta septi\u0146desmitajos gados \u0161\u0137irne s\u0101ka iemantot popularit\u0101ti ar\u012b Lielbrit\u0101nij\u0101.<\/span>[\/vc_column_text][\/vc_column][\/vc_row]\n","protected":false},"excerpt":{"rendered":"<p>[vc_row][vc_column][vc_text_separator title=&#8221;Bri\u0101rs&#8221; border_width=&#8221;8&#8243;][\/vc_column][\/vc_row][vc_row][vc_column width=&#8221;1\/2&#8243;][vc_single_image image=&#8221;8094&#8243; img_size=&#8221;large&#8221; alignment=&#8221;center&#8221; style=&#8221;vc_box_rounded&#8221;][\/vc_column][vc_column width=&#8221;1\/2&#8243;][vc_column_text]Dzimtene: Francija Funkcija: ganu suns Izcel\u0161an\u0101s: ap 1200. g. Skausta augstums: 57-69 cm Masa: 34 kg Raksturs: dz\u012bvespriec\u012bgs, modrs Dz\u012bves ilgums: 12 gadi[\/vc_column_text][\/vc_column][\/vc_row][vc_row][vc_column][vc_column_text]\u0160o lielo, musku\u013coto fran\u010du ganu su\u0146u \u0161\u0137irne ir viena no vec\u0101kaj\u0101m su\u0146u \u0161\u0137irn\u0113m Viduseirop\u0101. Lai ar\u012b bri\u0101ri m\u0113dz b\u016bt nikni un modri gan\u0101mpulku uzraugi, vi\u0146i [&hellip;]<\/p>\n","protected":false},"author":1,"featured_media":0,"parent":8016,"menu_order":0,"comment_status":"closed","ping_status":"closed","template":"page-fullwidth.php","meta":{"_acf_changed":false,"_glsr_average":0,"_glsr_ranking":0,"_glsr_reviews":0,"footnotes":""},"translation":{"provider":"WPGlobus","version":"2.12.2","language":"ru","enabled_languages":["lv","en","ru"],"languages":{"lv":{"title":true,"content":true,"excerpt":false},"en":{"title":false,"content":false,"excerpt":false},"ru":{"title":false,"content":false,"excerpt":false}}},"acf":[],"yoast_head":"<!-- This site is optimized with the Yoast SEO plugin v22.5 - https:\/\/yoast.com\/wordpress\/plugins\/seo\/ -->\n<title>Bri\u0101rs - Whisker.lv | Su\u0146u \u0161\u0137irnes - Bri\u0101rs<\/title>\n<meta name=\"robots\" content=\"index, follow, max-snippet:-1, max-image-preview:large, max-video-preview:-1\" \/>\n<link rel=\"canonical\" href=\"https:\/\/www.whisker.lv\/sunu-skirnes\/briars\/\" \/>\n<meta property=\"og:locale\" content=\"ru_RU\" \/>\n<meta property=\"og:type\" content=\"article\" \/>\n<meta property=\"og:title\" content=\"Bri\u0101rs - Whisker\" \/>\n<meta property=\"og:url\" content=\"https:\/\/www.whisker.lv\/sunu-skirnes\/briars\/\" \/>\n<meta property=\"og:site_name\" content=\"Whisker\" \/>\n<meta property=\"article:publisher\" content=\"https:\/\/www.facebook.com\/whisker.lv\/\" \/>\n<meta property=\"article:modified_time\" content=\"2019-04-03T20:16:06+00:00\" \/>\n<meta name=\"twitter:card\" content=\"summary_large_image\" \/>\n<meta name=\"twitter:label1\" content=\"Est. reading time\" \/>\n\t<meta name=\"twitter:data1\" content=\"2 minutes\" \/>\n<script type=\"application\/ld+json\" class=\"yoast-schema-graph\">{\"@context\":\"https:\/\/schema.org\",\"@graph\":[{\"@type\":\"WebPage\",\"@id\":\"https:\/\/www.whisker.lv\/sunu-skirnes\/briars\/\",\"url\":\"https:\/\/www.whisker.lv\/sunu-skirnes\/briars\/\",\"name\":\"Bri\u0101rs - Whisker.lv | Su\u0146u \u0161\u0137irnes - Bri\u0101rs\",\"isPartOf\":{\"@id\":\"https:\/\/www.whisker.lv\/#website\"},\"datePublished\":\"2019-03-15T19:29:04+00:00\",\"dateModified\":\"2019-04-03T20:16:06+00:00\",\"description\":\"Bri\u0101rs - lai ar\u012b bri\u0101ri m\u0113dz b\u016bt nikni un modri gan\u0101mpulku uzraugi, vi\u0146i viegli pak\u013caujas dres\u016brai, ir laipni, m\u012blo\u0161i un paciet\u012bgi saskarsm\u0113 ar b\u0113rniem.\",\"breadcrumb\":{\"@id\":\"https:\/\/www.whisker.lv\/sunu-skirnes\/briars\/#breadcrumb\"},\"inLanguage\":\"ru-RU\",\"potentialAction\":[{\"@type\":\"ReadAction\",\"target\":[\"https:\/\/www.whisker.lv\/sunu-skirnes\/briars\/\"]}]},{\"@type\":\"BreadcrumbList\",\"@id\":\"https:\/\/www.whisker.lv\/sunu-skirnes\/briars\/#breadcrumb\",\"itemListElement\":[{\"@type\":\"ListItem\",\"position\":1,\"name\":\"S\u0101kums\",\"item\":\"https:\/\/www.whisker.lv\/\"},{\"@type\":\"ListItem\",\"position\":2,\"name\":\"Su\u0146u \u0161\u0137irnes\",\"item\":\"https:\/\/www.whisker.lv\/sunu-skirnes\/\"},{\"@type\":\"ListItem\",\"position\":3,\"name\":\"Bri\u0101rs\"}]},{\"@type\":\"WebSite\",\"@id\":\"https:\/\/www.whisker.lv\/#website\",\"url\":\"https:\/\/www.whisker.lv\/\",\"name\":\"Whisker\",\"description\":\"Tavs pal\u012bgs m\u0101jdzivnieku pieskat\u012b\u0161an\u0101\",\"potentialAction\":[{\"@type\":\"SearchAction\",\"target\":{\"@type\":\"EntryPoint\",\"urlTemplate\":\"https:\/\/www.whisker.lv\/?s={search_term_string}\"},\"query-input\":\"required name=search_term_string\"}],\"inLanguage\":\"ru-RU\"}]}<\/script>\n<!-- \/ Yoast SEO plugin. -->","yoast_head_json":{"title":"Bri\u0101rs - Whisker.lv | Su\u0146u \u0161\u0137irnes - Bri\u0101rs","robots":{"index":"index","follow":"follow","max-snippet":"max-snippet:-1","max-image-preview":"max-image-preview:large","max-video-preview":"max-video-preview:-1"},"canonical":"https:\/\/www.whisker.lv\/sunu-skirnes\/briars\/","og_locale":"ru_RU","og_type":"article","og_title":"Bri\u0101rs - Whisker","og_url":"https:\/\/www.whisker.lv\/sunu-skirnes\/briars\/","og_site_name":"Whisker","article_publisher":"https:\/\/www.facebook.com\/whisker.lv\/","article_modified_time":"2019-04-03T20:16:06+00:00","twitter_card":"summary_large_image","twitter_misc":{"Est. reading time":"2 minutes"},"schema":{"@context":"https:\/\/schema.org","@graph":[{"@type":"WebPage","@id":"https:\/\/www.whisker.lv\/sunu-skirnes\/briars\/","url":"https:\/\/www.whisker.lv\/sunu-skirnes\/briars\/","name":"Bri\u0101rs - Whisker.lv | Su\u0146u \u0161\u0137irnes - Bri\u0101rs","isPartOf":{"@id":"https:\/\/www.whisker.lv\/#website"},"datePublished":"2019-03-15T19:29:04+00:00","dateModified":"2019-04-03T20:16:06+00:00","description":"Bri\u0101rs - lai ar\u012b bri\u0101ri m\u0113dz b\u016bt nikni un modri gan\u0101mpulku uzraugi, vi\u0146i viegli pak\u013caujas dres\u016brai, ir laipni, m\u012blo\u0161i un paciet\u012bgi saskarsm\u0113 ar b\u0113rniem.","breadcrumb":{"@id":"https:\/\/www.whisker.lv\/sunu-skirnes\/briars\/#breadcrumb"},"inLanguage":"ru-RU","potentialAction":[{"@type":"ReadAction","target":["https:\/\/www.whisker.lv\/sunu-skirnes\/briars\/"]}]},{"@type":"BreadcrumbList","@id":"https:\/\/www.whisker.lv\/sunu-skirnes\/briars\/#breadcrumb","itemListElement":[{"@type":"ListItem","position":1,"name":"S\u0101kums","item":"https:\/\/www.whisker.lv\/"},{"@type":"ListItem","position":2,"name":"Su\u0146u \u0161\u0137irnes","item":"https:\/\/www.whisker.lv\/sunu-skirnes\/"},{"@type":"ListItem","position":3,"name":"Bri\u0101rs"}]},{"@type":"WebSite","@id":"https:\/\/www.whisker.lv\/#website","url":"https:\/\/www.whisker.lv\/","name":"Whisker","description":"Tavs pal\u012bgs m\u0101jdzivnieku pieskat\u012b\u0161an\u0101","potentialAction":[{"@type":"SearchAction","target":{"@type":"EntryPoint","urlTemplate":"https:\/\/www.whisker.lv\/?s={search_term_string}"},"query-input":"required name=search_term_string"}],"inLanguage":"ru-RU"}]}},"_links":{"self":[{"href":"https:\/\/www.whisker.lv\/ru\/wp-json\/wp\/v2\/pages\/9703"}],"collection":[{"href":"https:\/\/www.whisker.lv\/ru\/wp-json\/wp\/v2\/pages"}],"about":[{"href":"https:\/\/www.whisker.lv\/ru\/wp-json\/wp\/v2\/types\/page"}],"author":[{"embeddable":true,"href":"https:\/\/www.whisker.lv\/ru\/wp-json\/wp\/v2\/users\/1"}],"replies":[{"embeddable":true,"href":"https:\/\/www.whisker.lv\/ru\/wp-json\/wp\/v2\/comments?post=9703"}],"version-history":[{"count":6,"href":"https:\/\/www.whisker.lv\/ru\/wp-json\/wp\/v2\/pages\/9703\/revisions"}],"predecessor-version":[{"id":11157,"href":"https:\/\/www.whisker.lv\/ru\/wp-json\/wp\/v2\/pages\/9703\/revisions\/11157"}],"up":[{"embeddable":true,"href":"https:\/\/www.whisker.lv\/ru\/wp-json\/wp\/v2\/pages\/8016"}],"wp:attachment":[{"href":"https:\/\/www.whisker.lv\/ru\/wp-json\/wp\/v2\/media?parent=9703"}],"curies":[{"name":"wp","href":"https:\/\/api.w.org\/{rel}","templated":true}]}}