



{"id":9708,"date":"2019-03-15T21:39:03","date_gmt":"2019-03-15T19:39:03","guid":{"rendered":"https:\/\/www.whisker.lv\/?page_id=9708"},"modified":"2019-04-03T22:15:27","modified_gmt":"2019-04-03T20:15:27","slug":"bretanas-spaniels","status":"publish","type":"page","link":"https:\/\/www.whisker.lv\/ru\/sunu-skirnes\/bretanas-spaniels\/","title":{"rendered":"Breta\u0146as spaniels"},"content":{"rendered":"[vc_row][vc_column][vc_text_separator title=&#8221;Breta\u0146as spaniels&#8221; border_width=&#8221;8&#8243;][\/vc_column][\/vc_row][vc_row][vc_column width=&#8221;1\/2&#8243;][vc_single_image image=&#8221;9710&#8243; img_size=&#8221;450X550&#8243; alignment=&#8221;right&#8221; style=&#8221;vc_box_rounded&#8221;][\/vc_column][vc_column width=&#8221;1\/2&#8243;][vc_column_text]<span style=\"color: #000000;\"><strong>Dzimtene:<\/strong> Francija<\/span><\/p>\n<p><span style=\"color: #000000;\"><strong>Funkcija:<\/strong> med\u012bjuma notver\u0161ana<\/span><\/p>\n<p><span style=\"color: #000000;\"><strong>Izcel\u0161an\u0101s:<\/strong> ap 1700. g.<\/span><\/p>\n<p><span style=\"color: #000000;\"><strong>Skausta augstums:<\/strong> 46-52 cm<\/span><\/p>\n<p><span style=\"color: #000000;\"><strong>Masa:<\/strong> 13-15 kg<\/span><\/p>\n<p><span style=\"color: #000000;\"><strong>Raksturs:<\/strong> uzticams, pak\u013c\u0101v\u012bgs<\/span><\/p>\n<p><span style=\"color: #000000;\"><strong>Dz\u012bves ilgums:<\/strong> 12-14 gadi<\/span>[\/vc_column_text][\/vc_column][\/vc_row][vc_row][vc_column][vc_column_text]<span style=\"color: #000000;\">Lai ar\u012b bie\u017ei tiek uzsv\u0113rts, ka suns l\u012bdz\u012bgs spanieliem, tom\u0113r p\u0113c \u0137erme\u0146a uzb\u016bves vi\u0146\u0161 vair\u0101k l\u012bdzin\u0101s seteriem. Sal\u012bdzin\u0101jum\u0101 ar skausta augstumu su\u0146a k\u0101jas ir p\u0101r\u0101k garas, t\u0101p\u0113c nevar apgalvot, ka dz\u012bvniekam ir proporcion\u0101li veidots \u0137ermenis. Lai ar\u012b aste jau dabiski ir \u012bsa, t\u0101 tiek \u0137irur\u0123iski v\u0113l sa\u012bsin\u0101ta, l\u012bdz t\u0101s garums neaprsniedz 10 centimetrus.<\/span><\/p>\n<p><span style=\"color: #000000;\"><strong>V\u0113sture.<\/strong> Sen\u0101 su\u0146u \u0161\u0137irne sav\u0101 dzimten\u0113 otrreiz\u0113ju atdzim\u0161anu piedz\u012bvoja 20. gadsimta s\u0101kum\u0101. P\u0113d\u0113j\u0101 laik\u0101 t\u0101 k\u013c\u016bst arvien popul\u0101r\u0101ka ASV.<\/span><\/p>\n<p><span style=\"color: #000000;\"><strong>Piez\u012bme.<\/strong> Suns sp\u0113j veikt vair\u0101kas funkcijas \u2013 med\u012bt, iztramd\u012bt un satvert med\u012bjumu.<\/span>[\/vc_column_text][\/vc_column][\/vc_row]\n","protected":false},"excerpt":{"rendered":"<p>[vc_row][vc_column][vc_text_separator title=&#8221;Breta\u0146as spaniels&#8221; border_width=&#8221;8&#8243;][\/vc_column][\/vc_row][vc_row][vc_column width=&#8221;1\/2&#8243;][vc_single_image image=&#8221;9710&#8243; img_size=&#8221;450X550&#8243; alignment=&#8221;right&#8221; style=&#8221;vc_box_rounded&#8221;][\/vc_column][vc_column width=&#8221;1\/2&#8243;][vc_column_text]Dzimtene: Francija Funkcija: med\u012bjuma notver\u0161ana Izcel\u0161an\u0101s: ap 1700. g. Skausta augstums: 46-52 cm Masa: 13-15 kg Raksturs: uzticams, pak\u013c\u0101v\u012bgs Dz\u012bves ilgums: 12-14 gadi[\/vc_column_text][\/vc_column][\/vc_row][vc_row][vc_column][vc_column_text]Lai ar\u012b bie\u017ei tiek uzsv\u0113rts, ka suns l\u012bdz\u012bgs spanieliem, tom\u0113r p\u0113c \u0137erme\u0146a uzb\u016bves vi\u0146\u0161 vair\u0101k l\u012bdzin\u0101s seteriem. Sal\u012bdzin\u0101jum\u0101 ar skausta augstumu su\u0146a k\u0101jas ir [&hellip;]<\/p>\n","protected":false},"author":1,"featured_media":0,"parent":8016,"menu_order":0,"comment_status":"closed","ping_status":"closed","template":"page-fullwidth.php","meta":{"_acf_changed":false,"_glsr_average":0,"_glsr_ranking":0,"_glsr_reviews":0,"footnotes":""},"translation":{"provider":"WPGlobus","version":"2.12.2","language":"ru","enabled_languages":["lv","en","ru"],"languages":{"lv":{"title":true,"content":true,"excerpt":false},"en":{"title":false,"content":false,"excerpt":false},"ru":{"title":false,"content":false,"excerpt":false}}},"acf":[],"yoast_head":"<!-- This site is optimized with the Yoast SEO plugin v22.5 - https:\/\/yoast.com\/wordpress\/plugins\/seo\/ -->\n<title>Breta\u0146as spaniels - Whisker.lv | Su\u0146u \u0161\u0137irnes - Breta\u0146as spaniels<\/title>\n<meta name=\"robots\" content=\"index, follow, max-snippet:-1, max-image-preview:large, max-video-preview:-1\" \/>\n<link rel=\"canonical\" href=\"https:\/\/www.whisker.lv\/sunu-skirnes\/bretanas-spaniels\/\" \/>\n<meta property=\"og:locale\" content=\"ru_RU\" \/>\n<meta property=\"og:type\" content=\"article\" \/>\n<meta property=\"og:title\" content=\"Breta\u0146as spaniels - Whisker\" \/>\n<meta property=\"og:url\" content=\"https:\/\/www.whisker.lv\/sunu-skirnes\/bretanas-spaniels\/\" \/>\n<meta property=\"og:site_name\" content=\"Whisker\" \/>\n<meta property=\"article:publisher\" content=\"https:\/\/www.facebook.com\/whisker.lv\/\" \/>\n<meta property=\"article:modified_time\" content=\"2019-04-03T20:15:27+00:00\" \/>\n<meta name=\"twitter:card\" content=\"summary_large_image\" \/>\n<meta name=\"twitter:label1\" content=\"Est. reading time\" \/>\n\t<meta name=\"twitter:data1\" content=\"1 minute\" \/>\n<script type=\"application\/ld+json\" class=\"yoast-schema-graph\">{\"@context\":\"https:\/\/schema.org\",\"@graph\":[{\"@type\":\"WebPage\",\"@id\":\"https:\/\/www.whisker.lv\/sunu-skirnes\/bretanas-spaniels\/\",\"url\":\"https:\/\/www.whisker.lv\/sunu-skirnes\/bretanas-spaniels\/\",\"name\":\"Breta\u0146as spaniels - Whisker.lv | Su\u0146u \u0161\u0137irnes - Breta\u0146as spaniels\",\"isPartOf\":{\"@id\":\"https:\/\/www.whisker.lv\/#website\"},\"datePublished\":\"2019-03-15T19:39:03+00:00\",\"dateModified\":\"2019-04-03T20:15:27+00:00\",\"description\":\"Breta\u0146as spaniels p\u0113c \u0137erme\u0146a uzb\u016bves vair\u0101k l\u012bdzin\u0101s seteriem. Suns sp\u0113j veikt vair\u0101kas funkcijas \u2013 med\u012bt, iztramd\u012bt un satvert med\u012bjumu.\",\"breadcrumb\":{\"@id\":\"https:\/\/www.whisker.lv\/sunu-skirnes\/bretanas-spaniels\/#breadcrumb\"},\"inLanguage\":\"ru-RU\",\"potentialAction\":[{\"@type\":\"ReadAction\",\"target\":[\"https:\/\/www.whisker.lv\/sunu-skirnes\/bretanas-spaniels\/\"]}]},{\"@type\":\"BreadcrumbList\",\"@id\":\"https:\/\/www.whisker.lv\/sunu-skirnes\/bretanas-spaniels\/#breadcrumb\",\"itemListElement\":[{\"@type\":\"ListItem\",\"position\":1,\"name\":\"S\u0101kums\",\"item\":\"https:\/\/www.whisker.lv\/\"},{\"@type\":\"ListItem\",\"position\":2,\"name\":\"Su\u0146u \u0161\u0137irnes\",\"item\":\"https:\/\/www.whisker.lv\/sunu-skirnes\/\"},{\"@type\":\"ListItem\",\"position\":3,\"name\":\"Breta\u0146as spaniels\"}]},{\"@type\":\"WebSite\",\"@id\":\"https:\/\/www.whisker.lv\/#website\",\"url\":\"https:\/\/www.whisker.lv\/\",\"name\":\"Whisker\",\"description\":\"Tavs pal\u012bgs m\u0101jdzivnieku pieskat\u012b\u0161an\u0101\",\"potentialAction\":[{\"@type\":\"SearchAction\",\"target\":{\"@type\":\"EntryPoint\",\"urlTemplate\":\"https:\/\/www.whisker.lv\/?s={search_term_string}\"},\"query-input\":\"required name=search_term_string\"}],\"inLanguage\":\"ru-RU\"}]}<\/script>\n<!-- \/ Yoast SEO plugin. -->","yoast_head_json":{"title":"Breta\u0146as spaniels - Whisker.lv | Su\u0146u \u0161\u0137irnes - Breta\u0146as spaniels","robots":{"index":"index","follow":"follow","max-snippet":"max-snippet:-1","max-image-preview":"max-image-preview:large","max-video-preview":"max-video-preview:-1"},"canonical":"https:\/\/www.whisker.lv\/sunu-skirnes\/bretanas-spaniels\/","og_locale":"ru_RU","og_type":"article","og_title":"Breta\u0146as spaniels - Whisker","og_url":"https:\/\/www.whisker.lv\/sunu-skirnes\/bretanas-spaniels\/","og_site_name":"Whisker","article_publisher":"https:\/\/www.facebook.com\/whisker.lv\/","article_modified_time":"2019-04-03T20:15:27+00:00","twitter_card":"summary_large_image","twitter_misc":{"Est. reading time":"1 minute"},"schema":{"@context":"https:\/\/schema.org","@graph":[{"@type":"WebPage","@id":"https:\/\/www.whisker.lv\/sunu-skirnes\/bretanas-spaniels\/","url":"https:\/\/www.whisker.lv\/sunu-skirnes\/bretanas-spaniels\/","name":"Breta\u0146as spaniels - Whisker.lv | Su\u0146u \u0161\u0137irnes - Breta\u0146as spaniels","isPartOf":{"@id":"https:\/\/www.whisker.lv\/#website"},"datePublished":"2019-03-15T19:39:03+00:00","dateModified":"2019-04-03T20:15:27+00:00","description":"Breta\u0146as spaniels p\u0113c \u0137erme\u0146a uzb\u016bves vair\u0101k l\u012bdzin\u0101s seteriem. Suns sp\u0113j veikt vair\u0101kas funkcijas \u2013 med\u012bt, iztramd\u012bt un satvert med\u012bjumu.","breadcrumb":{"@id":"https:\/\/www.whisker.lv\/sunu-skirnes\/bretanas-spaniels\/#breadcrumb"},"inLanguage":"ru-RU","potentialAction":[{"@type":"ReadAction","target":["https:\/\/www.whisker.lv\/sunu-skirnes\/bretanas-spaniels\/"]}]},{"@type":"BreadcrumbList","@id":"https:\/\/www.whisker.lv\/sunu-skirnes\/bretanas-spaniels\/#breadcrumb","itemListElement":[{"@type":"ListItem","position":1,"name":"S\u0101kums","item":"https:\/\/www.whisker.lv\/"},{"@type":"ListItem","position":2,"name":"Su\u0146u \u0161\u0137irnes","item":"https:\/\/www.whisker.lv\/sunu-skirnes\/"},{"@type":"ListItem","position":3,"name":"Breta\u0146as spaniels"}]},{"@type":"WebSite","@id":"https:\/\/www.whisker.lv\/#website","url":"https:\/\/www.whisker.lv\/","name":"Whisker","description":"Tavs pal\u012bgs m\u0101jdzivnieku pieskat\u012b\u0161an\u0101","potentialAction":[{"@type":"SearchAction","target":{"@type":"EntryPoint","urlTemplate":"https:\/\/www.whisker.lv\/?s={search_term_string}"},"query-input":"required name=search_term_string"}],"inLanguage":"ru-RU"}]}},"_links":{"self":[{"href":"https:\/\/www.whisker.lv\/ru\/wp-json\/wp\/v2\/pages\/9708"}],"collection":[{"href":"https:\/\/www.whisker.lv\/ru\/wp-json\/wp\/v2\/pages"}],"about":[{"href":"https:\/\/www.whisker.lv\/ru\/wp-json\/wp\/v2\/types\/page"}],"author":[{"embeddable":true,"href":"https:\/\/www.whisker.lv\/ru\/wp-json\/wp\/v2\/users\/1"}],"replies":[{"embeddable":true,"href":"https:\/\/www.whisker.lv\/ru\/wp-json\/wp\/v2\/comments?post=9708"}],"version-history":[{"count":4,"href":"https:\/\/www.whisker.lv\/ru\/wp-json\/wp\/v2\/pages\/9708\/revisions"}],"predecessor-version":[{"id":9711,"href":"https:\/\/www.whisker.lv\/ru\/wp-json\/wp\/v2\/pages\/9708\/revisions\/9711"}],"up":[{"embeddable":true,"href":"https:\/\/www.whisker.lv\/ru\/wp-json\/wp\/v2\/pages\/8016"}],"wp:attachment":[{"href":"https:\/\/www.whisker.lv\/ru\/wp-json\/wp\/v2\/media?parent=9708"}],"curies":[{"name":"wp","href":"https:\/\/api.w.org\/{rel}","templated":true}]}}