



{"id":9723,"date":"2019-03-15T22:00:13","date_gmt":"2019-03-15T20:00:13","guid":{"rendered":"https:\/\/www.whisker.lv\/?page_id=9723"},"modified":"2020-04-10T22:53:34","modified_gmt":"2020-04-10T20:53:34","slug":"anglu-buldogs","status":"publish","type":"page","link":"https:\/\/www.whisker.lv\/ru\/sunu-skirnes\/anglu-buldogs\/","title":{"rendered":"Buldogs"},"content":{"rendered":"[vc_row][vc_column][vc_text_separator title=&#8221;Buldogs&#8221; border_width=&#8221;8&#8243;][\/vc_column][\/vc_row][vc_row][vc_column width=&#8221;1\/2&#8243;][vc_single_image image=&#8221;8099&#8243; img_size=&#8221;large&#8221; alignment=&#8221;center&#8221; style=&#8221;vc_box_rounded&#8221;][\/vc_column][vc_column width=&#8221;1\/2&#8243;][vc_column_text]<span style=\"color: #000000;\"><strong>Dzimtene:<\/strong> Lielbrit\u0101nija<\/span><\/p>\n<p><span style=\"color: #000000;\"><strong>Funkcija:<\/strong> c\u012b\u0146u suns<\/span><\/p>\n<p><span style=\"color: #000000;\"><strong>Izcel\u0161an\u0101s:<\/strong> ap 1800. g.<\/span><\/p>\n<p><span style=\"color: #000000;\"><strong>Skausta augstums:<\/strong> 31-36 cm<\/span><\/p>\n<p><span style=\"color: #000000;\"><strong>Masa:<\/strong> 23-25 kg<\/span><\/p>\n<p><span style=\"color: #000000;\"><strong>Raksturs:<\/strong> sirsn\u012bgs, pak\u013c\u0101v\u012bgs<\/span><\/p>\n<p><span style=\"color: #000000;\"><strong>Dz\u012bves ilgums:<\/strong> 8-10 gadi<\/span>[\/vc_column_text][\/vc_column][\/vc_row][vc_row][vc_column][vc_column_text]<span style=\"color: #000000;\">Buldogiem ir \u013coti sp\u0113c\u012bgs, musku\u013cots \u0137ermenis un milz\u012bga galva. Bie\u017ei vien galvas apk\u0101rtm\u0113rs ir ekvivalents su\u0146a augumam. Buldogam ir apa\u013cas, dzi\u013ci iegrimu\u0161as acis un sv\u012btrains vai plankumains ka\u017eoks. Plankumainajiem su\u0146iem domin\u0113 balta ka\u017eoka pamatkr\u0101sa ar br\u016bniem vai dzeltenbr\u016bniem laukumiem.<\/span><\/p>\n<p>Neskatoties uz dr\u016bmo un ka\u0161\u0137\u012bgo izskatu, buldogi ir m\u012b\u013ci un labsird\u012bgi pavado\u0146i. Lieliski \u0123imenes su\u0146i, labi saprotas ar pieaugu\u0161ajiem un b\u0113rniem. Buldogi parasti mier\u012bgi sadz\u012bvo ar citiem m\u0101jdz\u012bvniekiem, kaut ar\u012b da\u017ei viena dzimuma p\u0101rst\u0101vji var\u0113tu nesatikt.<\/p>\n<p>Buldogus var b\u016bt gr\u016bti apm\u0101c\u012bt, jo \u0161\u0137irne m\u0113dz b\u016bt sp\u012bt\u012bga, tom\u0113r noteikti ir apvelt\u012bti ar sp\u0113ju m\u0101c\u012bties. Vislab\u0101k darbojas uzslavas metodes. Izmantojiet k\u0101rumus un iev\u0113rojiet \u012bsas apm\u0101c\u012bbas sesijas, lai notur\u0113tu su\u0146a uzman\u012bbu.<\/p>\n<p><span style=\"color: #000000;\"><strong>V\u0113sture.<\/strong> Anglij\u0101 buldogus izmantoja c\u012b\u0146\u0101m ar bu\u013c\u013ciem l\u012bdz pat 1835. gadam, kad \u0161\u012bs c\u012b\u0146as aizliedza. M\u016bsdien\u0101s \u0161ie su\u0146i vairs nav tik cietsird\u012bgi.<\/span><\/p>\n<p><span style=\"color: #000000;\"><strong>Piez\u012bme.<\/strong> Kuc\u0113m dzemd\u012bb\u0101s bie\u017ei j\u0101izdara \u0137eizargrieziens, jo kuc\u0113na liel\u0101 galva nesp\u0113j izk\u013c\u016bt cauri dzemdes kaklam.<\/span><\/p>\n<p><span style=\"color: #000000;\"><strong>Otrs<\/strong> <strong>nosaukums<\/strong><\/span>: Ang\u013cu buldogs[\/vc_column_text][\/vc_column][\/vc_row]\n","protected":false},"excerpt":{"rendered":"<p>[vc_row][vc_column][vc_text_separator title=&#8221;Buldogs&#8221; border_width=&#8221;8&#8243;][\/vc_column][\/vc_row][vc_row][vc_column width=&#8221;1\/2&#8243;][vc_single_image image=&#8221;8099&#8243; img_size=&#8221;large&#8221; alignment=&#8221;center&#8221; style=&#8221;vc_box_rounded&#8221;][\/vc_column][vc_column width=&#8221;1\/2&#8243;][vc_column_text]Dzimtene: Lielbrit\u0101nija Funkcija: c\u012b\u0146u suns Izcel\u0161an\u0101s: ap 1800. g. Skausta augstums: 31-36 cm Masa: 23-25 kg Raksturs: sirsn\u012bgs, pak\u013c\u0101v\u012bgs Dz\u012bves ilgums: 8-10 gadi[\/vc_column_text][\/vc_column][\/vc_row][vc_row][vc_column][vc_column_text]Buldogiem ir \u013coti sp\u0113c\u012bgs, musku\u013cots \u0137ermenis un milz\u012bga galva. Bie\u017ei vien galvas apk\u0101rtm\u0113rs ir ekvivalents su\u0146a augumam. Buldogam ir apa\u013cas, dzi\u013ci iegrimu\u0161as acis un sv\u012btrains [&hellip;]<\/p>\n","protected":false},"author":1,"featured_media":0,"parent":8016,"menu_order":0,"comment_status":"closed","ping_status":"closed","template":"page-fullwidth.php","meta":{"_acf_changed":false,"_glsr_average":0,"_glsr_ranking":0,"_glsr_reviews":0,"footnotes":""},"translation":{"provider":"WPGlobus","version":"2.12.2","language":"ru","enabled_languages":["lv","en","ru"],"languages":{"lv":{"title":true,"content":true,"excerpt":false},"en":{"title":false,"content":false,"excerpt":false},"ru":{"title":false,"content":false,"excerpt":false}}},"acf":[],"yoast_head":"<!-- This site is optimized with the Yoast SEO plugin v22.5 - https:\/\/yoast.com\/wordpress\/plugins\/seo\/ -->\n<title>Ang\u013cu buldogs - Whisker.lv | Su\u0146u \u0161\u0137irnes - Buldogs<\/title>\n<meta name=\"robots\" content=\"index, follow, max-snippet:-1, max-image-preview:large, max-video-preview:-1\" \/>\n<link rel=\"canonical\" href=\"https:\/\/www.whisker.lv\/sunu-skirnes\/anglu-buldogs\/\" \/>\n<meta property=\"og:locale\" content=\"ru_RU\" \/>\n<meta property=\"og:type\" content=\"article\" \/>\n<meta property=\"og:title\" content=\"Buldogs - Whisker\" \/>\n<meta property=\"og:url\" content=\"https:\/\/www.whisker.lv\/sunu-skirnes\/anglu-buldogs\/\" \/>\n<meta property=\"og:site_name\" content=\"Whisker\" \/>\n<meta property=\"article:publisher\" content=\"https:\/\/www.facebook.com\/whisker.lv\/\" \/>\n<meta property=\"article:modified_time\" content=\"2020-04-10T20:53:34+00:00\" \/>\n<meta name=\"twitter:card\" content=\"summary_large_image\" \/>\n<meta name=\"twitter:label1\" content=\"Est. reading time\" \/>\n\t<meta name=\"twitter:data1\" content=\"2 minutes\" \/>\n<script type=\"application\/ld+json\" class=\"yoast-schema-graph\">{\"@context\":\"https:\/\/schema.org\",\"@graph\":[{\"@type\":\"WebPage\",\"@id\":\"https:\/\/www.whisker.lv\/sunu-skirnes\/anglu-buldogs\/\",\"url\":\"https:\/\/www.whisker.lv\/sunu-skirnes\/anglu-buldogs\/\",\"name\":\"Ang\u013cu buldogs - Whisker.lv | Su\u0146u \u0161\u0137irnes - Buldogs\",\"isPartOf\":{\"@id\":\"https:\/\/www.whisker.lv\/#website\"},\"datePublished\":\"2019-03-15T20:00:13+00:00\",\"dateModified\":\"2020-04-10T20:53:34+00:00\",\"description\":\"Ang\u013cu buldogs - sp\u0113c\u012bgs, musku\u013cots \u0137ermenis un milz\u012bga galva. Apa\u013cas, dzi\u013ci iegrimu\u0161as acis. Bie\u017ei vien galvas apk\u0101rtm\u0113rs ir ekvivalents su\u0146a augumam.\",\"breadcrumb\":{\"@id\":\"https:\/\/www.whisker.lv\/sunu-skirnes\/anglu-buldogs\/#breadcrumb\"},\"inLanguage\":\"ru-RU\",\"potentialAction\":[{\"@type\":\"ReadAction\",\"target\":[\"https:\/\/www.whisker.lv\/sunu-skirnes\/anglu-buldogs\/\"]}]},{\"@type\":\"BreadcrumbList\",\"@id\":\"https:\/\/www.whisker.lv\/sunu-skirnes\/anglu-buldogs\/#breadcrumb\",\"itemListElement\":[{\"@type\":\"ListItem\",\"position\":1,\"name\":\"S\u0101kums\",\"item\":\"https:\/\/www.whisker.lv\/\"},{\"@type\":\"ListItem\",\"position\":2,\"name\":\"Su\u0146u \u0161\u0137irnes\",\"item\":\"https:\/\/www.whisker.lv\/sunu-skirnes\/\"},{\"@type\":\"ListItem\",\"position\":3,\"name\":\"Buldogs\"}]},{\"@type\":\"WebSite\",\"@id\":\"https:\/\/www.whisker.lv\/#website\",\"url\":\"https:\/\/www.whisker.lv\/\",\"name\":\"Whisker\",\"description\":\"Tavs pal\u012bgs m\u0101jdzivnieku pieskat\u012b\u0161an\u0101\",\"potentialAction\":[{\"@type\":\"SearchAction\",\"target\":{\"@type\":\"EntryPoint\",\"urlTemplate\":\"https:\/\/www.whisker.lv\/?s={search_term_string}\"},\"query-input\":\"required name=search_term_string\"}],\"inLanguage\":\"ru-RU\"}]}<\/script>\n<!-- \/ Yoast SEO plugin. -->","yoast_head_json":{"title":"Ang\u013cu buldogs - Whisker.lv | Su\u0146u \u0161\u0137irnes - Buldogs","robots":{"index":"index","follow":"follow","max-snippet":"max-snippet:-1","max-image-preview":"max-image-preview:large","max-video-preview":"max-video-preview:-1"},"canonical":"https:\/\/www.whisker.lv\/sunu-skirnes\/anglu-buldogs\/","og_locale":"ru_RU","og_type":"article","og_title":"Buldogs - Whisker","og_url":"https:\/\/www.whisker.lv\/sunu-skirnes\/anglu-buldogs\/","og_site_name":"Whisker","article_publisher":"https:\/\/www.facebook.com\/whisker.lv\/","article_modified_time":"2020-04-10T20:53:34+00:00","twitter_card":"summary_large_image","twitter_misc":{"Est. reading time":"2 minutes"},"schema":{"@context":"https:\/\/schema.org","@graph":[{"@type":"WebPage","@id":"https:\/\/www.whisker.lv\/sunu-skirnes\/anglu-buldogs\/","url":"https:\/\/www.whisker.lv\/sunu-skirnes\/anglu-buldogs\/","name":"Ang\u013cu buldogs - Whisker.lv | Su\u0146u \u0161\u0137irnes - Buldogs","isPartOf":{"@id":"https:\/\/www.whisker.lv\/#website"},"datePublished":"2019-03-15T20:00:13+00:00","dateModified":"2020-04-10T20:53:34+00:00","description":"Ang\u013cu buldogs - sp\u0113c\u012bgs, musku\u013cots \u0137ermenis un milz\u012bga galva. Apa\u013cas, dzi\u013ci iegrimu\u0161as acis. Bie\u017ei vien galvas apk\u0101rtm\u0113rs ir ekvivalents su\u0146a augumam.","breadcrumb":{"@id":"https:\/\/www.whisker.lv\/sunu-skirnes\/anglu-buldogs\/#breadcrumb"},"inLanguage":"ru-RU","potentialAction":[{"@type":"ReadAction","target":["https:\/\/www.whisker.lv\/sunu-skirnes\/anglu-buldogs\/"]}]},{"@type":"BreadcrumbList","@id":"https:\/\/www.whisker.lv\/sunu-skirnes\/anglu-buldogs\/#breadcrumb","itemListElement":[{"@type":"ListItem","position":1,"name":"S\u0101kums","item":"https:\/\/www.whisker.lv\/"},{"@type":"ListItem","position":2,"name":"Su\u0146u \u0161\u0137irnes","item":"https:\/\/www.whisker.lv\/sunu-skirnes\/"},{"@type":"ListItem","position":3,"name":"Buldogs"}]},{"@type":"WebSite","@id":"https:\/\/www.whisker.lv\/#website","url":"https:\/\/www.whisker.lv\/","name":"Whisker","description":"Tavs pal\u012bgs m\u0101jdzivnieku pieskat\u012b\u0161an\u0101","potentialAction":[{"@type":"SearchAction","target":{"@type":"EntryPoint","urlTemplate":"https:\/\/www.whisker.lv\/?s={search_term_string}"},"query-input":"required name=search_term_string"}],"inLanguage":"ru-RU"}]}},"_links":{"self":[{"href":"https:\/\/www.whisker.lv\/ru\/wp-json\/wp\/v2\/pages\/9723"}],"collection":[{"href":"https:\/\/www.whisker.lv\/ru\/wp-json\/wp\/v2\/pages"}],"about":[{"href":"https:\/\/www.whisker.lv\/ru\/wp-json\/wp\/v2\/types\/page"}],"author":[{"embeddable":true,"href":"https:\/\/www.whisker.lv\/ru\/wp-json\/wp\/v2\/users\/1"}],"replies":[{"embeddable":true,"href":"https:\/\/www.whisker.lv\/ru\/wp-json\/wp\/v2\/comments?post=9723"}],"version-history":[{"count":8,"href":"https:\/\/www.whisker.lv\/ru\/wp-json\/wp\/v2\/pages\/9723\/revisions"}],"predecessor-version":[{"id":25043,"href":"https:\/\/www.whisker.lv\/ru\/wp-json\/wp\/v2\/pages\/9723\/revisions\/25043"}],"up":[{"embeddable":true,"href":"https:\/\/www.whisker.lv\/ru\/wp-json\/wp\/v2\/pages\/8016"}],"wp:attachment":[{"href":"https:\/\/www.whisker.lv\/ru\/wp-json\/wp\/v2\/media?parent=9723"}],"curies":[{"name":"wp","href":"https:\/\/api.w.org\/{rel}","templated":true}]}}